{"id":10859,"date":"2026-03-19T06:10:38","date_gmt":"2026-03-19T10:10:38","guid":{"rendered":"https:\/\/www.kalitepouviv.fr\/?page_id=10859"},"modified":"2026-03-19T08:06:51","modified_gmt":"2026-03-19T12:06:51","slug":"presentation-de-la-pco-tnd","status":"publish","type":"page","link":"https:\/\/www.kalitepouviv.fr\/index.php\/presentation-de-la-pco-tnd\/","title":{"rendered":"Pr\u00e9sentation de la PCO TND"},"content":{"rendered":"<section class=\"wpb-content-wrapper\"><p>[vc_row css=\u00a0\u00bb.vc_custom_1584496353761{margin-top: -50px !important;}\u00a0\u00bb][vc_column][vc_column_text]<\/p>\r\n<h3><strong>Pr\u00e9sentation de notre plateforme de coordination et d&rsquo;orientation (PCO)<\/strong><\/h3>\r\n<div class=\"wp-block-image\">\r\n<figure class=\"alignleft\"><img decoding=\"async\" loading=\"lazy\" class=\"wp-image-7825 aligncenter\" src=\"https:\/\/www.kalitepouviv.fr\/wp-content\/uploads\/2020\/03\/Image1.png\" alt=\"\" width=\"146\" height=\"185\" \/><\/figure>\r\n<\/div>\r\n<p style=\"padding-left: 80px;\"><!-- \/wp:image --><\/p>\r\n<p><!-- wp:paragraph -->La Strat\u00e9gie nationale dans le cadre du <a href=\"https:\/\/handicap.gouv.fr\/IMG\/pdf\/strategie_nationale_autisme_2018.pdf\">Plan Autisme 2018-2022<\/a> au sein des <strong>troubles du neuro-d\u00e9veloppement (TND)<\/strong> pr\u00e9voit <em>\u00ab\u00a0la mise en place d\u2019un parcours coord<\/em>onn\u00e9 de bilan et d\u2019intervention pr\u00e9coce d\u2019un an <strong>pour les enfants de 0 \u00e0 7 ans<\/strong> \u00bb avec 3 enjeux principaux, d\u00e9taill\u00e9s dans les circulaires du 22 novembre 2018 et 19 juillet 2019. Par arr\u00eat\u00e9 du 26.11.2019, l\u2019ARS Guadeloupe a d\u00e9sign\u00e9e l\u2019association KALITEPOUVIV comme porteuse de la Plateforme de coop\u00e9ration et d&rsquo;orientation dans le cadre des d\u00e9pistages des troubles du neuro-d\u00e9veloppement (PCO TND) en <strong>Guadeloupe, Saint-Martin, Saint-Barth\u00e9l\u00e9my.<\/strong><\/p>\r\n<p>[\/vc_column_text][vc_row_inner][vc_column_inner width=\u00a0\u00bb1\/5&Prime;][\/vc_column_inner][vc_column_inner width=\u00a0\u00bb4\/5&Prime;][vc_column_text]<\/p>\r\n<ul>\r\n<li><span style=\"color: #339966;\"><strong>1e enjeu<\/strong><\/span> : Faciliter le rep\u00e9rage des TND le plus pr\u00e9cocement possible.<\/li>\r\n<li><span style=\"color: #339966;\"><strong>2e enjeu<\/strong><\/span> : Construire un parcours de bilans et d\u2019interventions coordonn\u00e9 et fluide<\/li>\r\n<li><span style=\"color: #339966;\"><strong>3e enjeu<\/strong><\/span> : Pas d\u2019avance de frais et de reste \u00e0 charge pour les familles<\/li>\r\n<\/ul>\r\n<p>[\/vc_column_text][\/vc_column_inner][\/vc_row_inner][vc_column_text]<\/p>\r\n<p>Par la suite, dans le cadre de la <a href=\"https:\/\/handicap.gouv.fr\/nouvelle-strategie-nationale-pour-les-troubles-du-neurodeveloppement-autisme-dys-tdah-tdi\">nouvelle strat\u00e9gie nationale pour les troubles du neurod\u00e9veloppement<\/a> : autisme, Dys, TDAH, TDI &#8211; 2023-2027, l&rsquo;intervention s&rsquo;est ouverte <strong>aupr\u00e8s des enfants de 7 \u00e0 11 ans<\/strong>. Par d\u00e9cision de l&rsquo;ARS Guadeloupe, depuis janvier 2026, la PCO TND en Guadeloupe, Saint-Martin, Saint-Barth\u00e9l\u00e9my offre cet acc\u00e8s aux soins pour les enfants du territoire.<\/p>\r\n<p>[\/vc_column_text]<div class=\"rs-header-title header-left  \">         \r\n        \t\t<h4 class=\"title\">Les objectifs de la plateforme PCO TND<\/h4><\/div>[vc_column_text]<\/p>\r\n<p><!-- wp:heading -->L&rsquo;objectif premier de la plateforme est d\u2019acc\u00e9l\u00e9rer l\u2019acc\u00e8s \u00e0 un diagnostic en r\u00e9alisant des bilans et en favorisant des interventions pr\u00e9coces. Ces actions permettront de r\u00e9pondre aux probl\u00e8mes d\u2019errance diagnostique et de r\u00e9duire les sur-handicaps conform\u00e9ment aux recommandations de bonnes pratiques professionnelles de la Haute Autoris\u00e9 de Sant\u00e9 (HAS).<\/p>\r\n<p><span style=\"color: #339966;\"><strong>3 objectifs op\u00e9rationnels sont alors d\u00e9finis:<\/strong><\/span><\/p>\r\n<p>[\/vc_column_text][vc_row_inner][vc_column_inner width=\u00a0\u00bb1\/5&Prime;][\/vc_column_inner][vc_column_inner width=\u00a0\u00bb4\/5&Prime;][vc_column_text]<\/p>\r\n<ul>\r\n<li><a>L&rsquo;accompagnement <\/a>des familles, de leur proche, tout au long du parcours diagnostic de l\u2019enfant<\/li>\r\n<li>\r\n<p class=\"services-title services-title2\"><a>La r\u00e9mun\u00e9ration <\/a>d\u2019ergoth\u00e9rapeutes, de psychologues, de psychomotriciens ayant contractualis\u00e9s avec la PCO TND<\/p>\r\n<\/li>\r\n<li>\r\n<p class=\"services-title services-title2\"><a>L&rsquo;orientation <\/a>des enfants vers les \u00e9tablissements sociaux et m\u00e9dico-sociaux et les lib\u00e9raux intervenant dans le parcours diagnostic<\/p>\r\n<\/li>\r\n<\/ul>\r\n<p>[\/vc_column_text][\/vc_column_inner][\/vc_row_inner][vc_separator color=\u00a0\u00bbgreen\u00a0\u00bb border_width=\u00a0\u00bb3&Prime;][\/vc_column][vc_column][vc_column_text]<\/p>\r\n<h3 style=\"text-align: left;\">Qu&rsquo;est ce qu&rsquo;un Trouble du Neuro-d\u00e9veloppement (TND) ?<\/h3>\r\n<p>[\/vc_column_text][vc_row_inner][vc_column_inner width=\u00a0\u00bb1\/2&Prime;][vc_single_image image=\u00a0\u00bb8697&Prime; img_size=\u00a0\u00bbfull\u00a0\u00bb][\/vc_column_inner][vc_column_inner width=\u00a0\u00bb1\/2&Prime;][vc_column_text]<\/p>\r\n<p style=\"text-align: left;\">Le neuro-d\u00e9veloppement d\u00e9signe l\u2019ensemble des m\u00e9canismes qui vont guider la fa\u00e7on dont le cerveau se d\u00e9veloppe, orchestrant les fonctions c\u00e9r\u00e9brales : fonction motrice, langagi\u00e8re, cognitive, d\u2019int\u00e9gration sensorielle, structuration psychique, comportement, etc\u2026 Il est un processus dynamique, influenc\u00e9 par des facteurs biologiques, g\u00e9n\u00e9tiques, socioculturels, affectifs et environnementaux. Il d\u00e9bute tr\u00e8s pr\u00e9cocement, d\u00e8s la p\u00e9riode ant\u00e9natale, pour se poursuivre jusqu\u2019\u00e0 l\u2019\u00e2ge adulte.<\/p>\r\n<p>[\/vc_column_text][\/vc_column_inner][\/vc_row_inner][vc_column_text]<\/p>\r\n<p style=\"text-align: left;\">Les TND sont un ensemble d\u2019affections qui d\u00e9butent durant la p\u00e9riode de d\u00e9veloppement. Ces troubles se manifestent souvent avant que l\u2019enfant n\u2019entre \u00e0 l\u2019\u00e9cole primaire. Ils sont caract\u00e9ris\u00e9s par des d\u00e9ficits du d\u00e9veloppement qui entra\u00eenent une alt\u00e9ration du fonctionnement personnel, social, scolaire ou professionnel. La gamme des d\u00e9ficits d\u00e9veloppementaux est variable, allant de limitations tr\u00e8s sp\u00e9cifiques des apprentissages ou de contr\u00f4le des fonctions ex\u00e9cutives, jusqu\u2019\u00e0 l\u2019alt\u00e9ration globale des comp\u00e9tences sociales ou de l\u2019intelligence. Les TND sont souvent associ\u00e9s entre eux.<\/p>\r\n<p>[\/vc_column_text][\/vc_column][\/vc_row]<\/p><\/section>","protected":false},"excerpt":{"rendered":"<p>[vc_row css=\u00a0\u00bb.vc_custom_1584496353761{margin-top: -50px !important;}\u00a0\u00bb][vc_column][vc_column_text] Pr\u00e9sentation de notre plateforme de coordination et d&rsquo;orientation (PCO) La Strat\u00e9gie nationale dans le cadre du Plan Autisme 2018-2022 au sein des troubles du neuro-d\u00e9veloppement (TND) pr\u00e9voit \u00ab\u00a0la mise en place d\u2019un parcours coordonn\u00e9 de bilan et d\u2019intervention pr\u00e9coce d\u2019un an pour les enfants de 0 \u00e0 7 ans \u00bb avec&#8230;<\/p>\n","protected":false},"author":2,"featured_media":0,"parent":0,"menu_order":0,"comment_status":"closed","ping_status":"closed","template":"","meta":[],"_links":{"self":[{"href":"https:\/\/www.kalitepouviv.fr\/index.php\/wp-json\/wp\/v2\/pages\/10859"}],"collection":[{"href":"https:\/\/www.kalitepouviv.fr\/index.php\/wp-json\/wp\/v2\/pages"}],"about":[{"href":"https:\/\/www.kalitepouviv.fr\/index.php\/wp-json\/wp\/v2\/types\/page"}],"author":[{"embeddable":true,"href":"https:\/\/www.kalitepouviv.fr\/index.php\/wp-json\/wp\/v2\/users\/2"}],"replies":[{"embeddable":true,"href":"https:\/\/www.kalitepouviv.fr\/index.php\/wp-json\/wp\/v2\/comments?post=10859"}],"version-history":[{"count":19,"href":"https:\/\/www.kalitepouviv.fr\/index.php\/wp-json\/wp\/v2\/pages\/10859\/revisions"}],"predecessor-version":[{"id":10887,"href":"https:\/\/www.kalitepouviv.fr\/index.php\/wp-json\/wp\/v2\/pages\/10859\/revisions\/10887"}],"wp:attachment":[{"href":"https:\/\/www.kalitepouviv.fr\/index.php\/wp-json\/wp\/v2\/media?parent=10859"}],"curies":[{"name":"wp","href":"https:\/\/api.w.org\/{rel}","templated":true}]}}