{"id":2189,"date":"2018-11-19T12:14:20","date_gmt":"2018-11-19T12:14:20","guid":{"rendered":"http:\/\/192.168.0.250\/business\/?page_id=2189"},"modified":"2019-10-25T12:47:24","modified_gmt":"2019-10-25T16:47:24","slug":"blog-right-sidebar","status":"publish","type":"page","link":"https:\/\/www.kalitepouviv.fr\/index.php\/blog-right-sidebar\/","title":{"rendered":"Actualit\u00e9s KALITEPOUVIV"},"content":{"rendered":"<section class=\"wpb-content-wrapper\"><p>[vc_row][vc_column]<div class=\"rs-header-title header-left  \">         \r\n        \t\t<h2 class=\"title\">ACTUALIT\u00c9S<\/h2><\/div><div class=\"rs-blog-grid rs-blog \">\r\n\t\t\t\t\t<div class=\"row\"><div class=\"blog-item col-lg-6 col-md-12 style1\">\r\n\t\t\t\t\t\t\t\t\t<div class=\"blog-img image-scale\">\r\n\t\t\t\t\t\t\t\t\t\t<span class=\"categories\"><a class=\"float-cat\" href=\"https:\/\/www.kalitepouviv.fr\/index.php\/category\/medical\/\">KALITEPOUVIV <\/a><\/span><\/div>\r\n\t\t\t\t\t\t\t\t<div class=\"bottom-shadow1 no-thumb\">\r\n\t\t\t\t\t\t\t\t\t<div class=\"blog-meta\">\r\n\t\t\t\t\t\t\t\t\t\t<h3 class=\"blog-title\"><a href=\"https:\/\/www.kalitepouviv.fr\/?post_type=post&p=10687\"> Focus sur le Dr Dulorme, p\u00e9diatre du neuro-d\u00e9veloppement au CAMSP L\u00e9 Koklaya <\/a><\/h3>\t\t\t\t\t\t  \t\r\n\t\t\t\t\t\t\t\t\t \t<div class=\"blog-date\">\r\n\t\t\t\t\t\t\t\t\t \t\t<span class=\"post-meta date-meta\"><i class=\"glyph-icon flaticon-clock-1\"><\/i> 2 f\u00e9vrier 2026<\/span>\r\n\t\t\t\t\t\t\t\t\t \t\t<i class=\"glyph-icon flaticon-user-1\"><\/i> <span class=\"author\"> kalitepouviv<\/span>\t\t\t\t\t\t\t\t\t \t\t\t\t\t\t\t\t\t \t\t\r\n\t\t\t\t\t\t\t\t\t \t<\/div>\t\t\t \t\r\n\t\t\t\t\t\t\t\t\t<\/div>\r\n\t\t\t\t\t\t\t\t\t\t<div class=\"blog-desc\">\r\n\t\t\t\t\t\t\t\tFocus sur le Dr Fr\u00e9d\u00e9rique DULORME, p\u00e9diatre du neuro-d\u00e9veloppement au CAMSP L\u00e9 Koklaya D\u00e9couvrez l&rsquo;article du magazine Rim\u00e8d de janvier 2026...\r\n\t\t\t\t\t\t\t<\/div>\r\n\t\t\t\t\t\t\t\t\t<div class=\"icon-button\"><a href=\"https:\/\/www.kalitepouviv.fr\/?post_type=post&#038;p=10687\"><i class=\"glyph-icon flaticon-right-arrow\"><\/i><\/a><\/div>\r\n\t\t\t\t\t\t\t\t<\/div>\r\n\t\t\t\t\t\t\t<\/div><div class=\"blog-item col-lg-6 col-md-12 style1\">\r\n\t\t\t\t\t\t\t\t\t<div class=\"blog-img image-scale\">\r\n\t\t\t\t\t\t\t\t\t\t<span class=\"categories\"><a class=\"float-cat\" href=\"https:\/\/www.kalitepouviv.fr\/index.php\/category\/medical\/\">KALITEPOUVIV <\/a><\/span><\/div>\r\n\t\t\t\t\t\t\t\t<div class=\"bottom-shadow1 no-thumb\">\r\n\t\t\t\t\t\t\t\t\t<div class=\"blog-meta\">\r\n\t\t\t\t\t\t\t\t\t\t<h3 class=\"blog-title\"><a href=\"https:\/\/www.kalitepouviv.fr\/?post_type=post&p=10664\"> Un Succ\u00e8s Retentissant pour la Marche \u00ab\u00a0Ensemble pour l&rsquo;espoir\u00a0\u00bb et pour la Table Ronde des professionnels : Un Pas D\u00e9cisif Vers l&rsquo;Avenir <\/a><\/h3>\t\t\t\t\t\t  \t\r\n\t\t\t\t\t\t\t\t\t \t<div class=\"blog-date\">\r\n\t\t\t\t\t\t\t\t\t \t\t<span class=\"post-meta date-meta\"><i class=\"glyph-icon flaticon-clock-1\"><\/i> 15 janvier 2026<\/span>\r\n\t\t\t\t\t\t\t\t\t \t\t<i class=\"glyph-icon flaticon-user-1\"><\/i> <span class=\"author\"> kalitepouviv<\/span>\t\t\t\t\t\t\t\t\t \t\t\t\t\t\t\t\t\t \t\t\r\n\t\t\t\t\t\t\t\t\t \t<\/div>\t\t\t \t\r\n\t\t\t\t\t\t\t\t\t<\/div>\r\n\t\t\t\t\t\t\t\t\t\t<div class=\"blog-desc\">\r\n\t\t\t\t\t\t\t\t\u00c9v\u00e8nement du 22 d\u00e9cembre 2025 : Un Succ\u00e8s Retentissant pour la Marche \u00ab\u00a0Ensemble pour l&rsquo;espoir\u00a0\u00bb et pour la Table Ronde des...\r\n\t\t\t\t\t\t\t<\/div>\r\n\t\t\t\t\t\t\t\t\t<div class=\"icon-button\"><a href=\"https:\/\/www.kalitepouviv.fr\/?post_type=post&#038;p=10664\"><i class=\"glyph-icon flaticon-right-arrow\"><\/i><\/a><\/div>\r\n\t\t\t\t\t\t\t\t<\/div>\r\n\t\t\t\t\t\t\t<\/div><div class=\"blog-item col-lg-6 col-md-12 style1\">\r\n\t\t\t\t\t\t\t\t\t<div class=\"blog-img image-scale\">\r\n\t\t\t\t\t\t\t\t\t\t<span class=\"categories\"><a class=\"float-cat\" href=\"https:\/\/www.kalitepouviv.fr\/index.php\/category\/medical\/\">KALITEPOUVIV <\/a><\/span><\/div>\r\n\t\t\t\t\t\t\t\t<div class=\"bottom-shadow1 no-thumb\">\r\n\t\t\t\t\t\t\t\t\t<div class=\"blog-meta\">\r\n\t\t\t\t\t\t\t\t\t\t<h3 class=\"blog-title\"><a href=\"https:\/\/www.kalitepouviv.fr\/?post_type=post&p=10622\"> Marchons ensemble pour l\u2019Espoir : Un \u00e9v\u00e9nement solidaire pour soutenir la lutte contre les maladies rares. <\/a><\/h3>\t\t\t\t\t\t  \t\r\n\t\t\t\t\t\t\t\t\t \t<div class=\"blog-date\">\r\n\t\t\t\t\t\t\t\t\t \t\t<span class=\"post-meta date-meta\"><i class=\"glyph-icon flaticon-clock-1\"><\/i> 3 novembre 2025<\/span>\r\n\t\t\t\t\t\t\t\t\t \t\t<i class=\"glyph-icon flaticon-user-1\"><\/i> <span class=\"author\"> kalitepouviv<\/span>\t\t\t\t\t\t\t\t\t \t\t\t\t\t\t\t\t\t \t\t\r\n\t\t\t\t\t\t\t\t\t \t<\/div>\t\t\t \t\r\n\t\t\t\t\t\t\t\t\t<\/div>\r\n\t\t\t\t\t\t\t\t\t\t<div class=\"blog-desc\">\r\n\t\t\t\t\t\t\t\tMarchons ensemble pour l\u2019Espoir : Un \u00e9v\u00e9nement solidaire pour soutenir la lutte contre les maladies rares, promouvoir l\u2019engagement du Complexe L\u00e9...\r\n\t\t\t\t\t\t\t<\/div>\r\n\t\t\t\t\t\t\t\t\t<div class=\"icon-button\"><a href=\"https:\/\/www.kalitepouviv.fr\/?post_type=post&#038;p=10622\"><i class=\"glyph-icon flaticon-right-arrow\"><\/i><\/a><\/div>\r\n\t\t\t\t\t\t\t\t<\/div>\r\n\t\t\t\t\t\t\t<\/div><div class=\"blog-item col-lg-6 col-md-12 style1\">\r\n\t\t\t\t\t\t\t\t\t<div class=\"blog-img image-scale\">\r\n\t\t\t\t\t\t\t\t\t\t<span class=\"categories\"><a class=\"float-cat\" href=\"https:\/\/www.kalitepouviv.fr\/index.php\/category\/medical\/\">KALITEPOUVIV <\/a><\/span><\/div>\r\n\t\t\t\t\t\t\t\t<div class=\"bottom-shadow1 no-thumb\">\r\n\t\t\t\t\t\t\t\t\t<div class=\"blog-meta\">\r\n\t\t\t\t\t\t\t\t\t\t<h3 class=\"blog-title\"><a href=\"https:\/\/www.kalitepouviv.fr\/?post_type=post&p=10490\"> Se pr\u00e9senter aux \u00e9lections des parents au Conseil d&rsquo;Administration de 2025 : voici deux vid\u00e9os pour vous accompagner. <\/a><\/h3>\t\t\t\t\t\t  \t\r\n\t\t\t\t\t\t\t\t\t \t<div class=\"blog-date\">\r\n\t\t\t\t\t\t\t\t\t \t\t<span class=\"post-meta date-meta\"><i class=\"glyph-icon flaticon-clock-1\"><\/i> 1 avril 2025<\/span>\r\n\t\t\t\t\t\t\t\t\t \t\t<i class=\"glyph-icon flaticon-user-1\"><\/i> <span class=\"author\"> kalitepouviv<\/span>\t\t\t\t\t\t\t\t\t \t\t\t\t\t\t\t\t\t \t\t\r\n\t\t\t\t\t\t\t\t\t \t<\/div>\t\t\t \t\r\n\t\t\t\t\t\t\t\t\t<\/div>\r\n\t\t\t\t\t\t\t\t\t\t<div class=\"blog-desc\">\r\n\t\t\t\t\t\t\t\t[vc_row css=\u00a0\u00bb.vc_custom_1683831565187{padding-bottom: 50px !important;}\u00a0\u00bb][vc_column][vc_column_text css=\u00a0\u00bb.vc_custom_1743527714743{margin-top: -20px !important;border-bottom-width: 20px !important;}\u00a0\u00bb] Se pr\u00e9senter aux \u00e9lections des repr\u00e9sentants au Conseil d&rsquo;Administration 2025 : voici...\r\n\t\t\t\t\t\t\t<\/div>\r\n\t\t\t\t\t\t\t\t\t<div class=\"icon-button\"><a href=\"https:\/\/www.kalitepouviv.fr\/?post_type=post&#038;p=10490\"><i class=\"glyph-icon flaticon-right-arrow\"><\/i><\/a><\/div>\r\n\t\t\t\t\t\t\t\t<\/div>\r\n\t\t\t\t\t\t\t<\/div><\/div><div class=\"pagination-area\"><div class=\"nav-links\"><span aria-current=\"page\" class=\"page-numbers current\">1<\/span>\n<a class=\"page-numbers\" href=\"https:\/\/www.kalitepouviv.fr\/index.php\/wp-json\/wp\/v2\/pages\/2189\/page\/2\/\">2<\/a>\n<a class=\"page-numbers\" href=\"https:\/\/www.kalitepouviv.fr\/index.php\/wp-json\/wp\/v2\/pages\/2189\/page\/3\/\">3<\/a>\n<span class=\"page-numbers dots\">\u2026<\/span>\n<a class=\"page-numbers\" href=\"https:\/\/www.kalitepouviv.fr\/index.php\/wp-json\/wp\/v2\/pages\/2189\/page\/7\/\">7<\/a>\n<a class=\"next page-numbers\" href=\"https:\/\/www.kalitepouviv.fr\/index.php\/wp-json\/wp\/v2\/pages\/2189\/page\/2\/\">Suivant\u00a0\u00bb<\/a><\/div><\/div><\/div>[\/vc_column][\/vc_row]<\/p>\n<\/section>","protected":false},"excerpt":{"rendered":"<p>[vc_row][vc_column][\/vc_column]&#8230;<\/p>\n","protected":false},"author":1,"featured_media":0,"parent":0,"menu_order":0,"comment_status":"closed","ping_status":"closed","template":"","meta":[],"_links":{"self":[{"href":"https:\/\/www.kalitepouviv.fr\/index.php\/wp-json\/wp\/v2\/pages\/2189"}],"collection":[{"href":"https:\/\/www.kalitepouviv.fr\/index.php\/wp-json\/wp\/v2\/pages"}],"about":[{"href":"https:\/\/www.kalitepouviv.fr\/index.php\/wp-json\/wp\/v2\/types\/page"}],"author":[{"embeddable":true,"href":"https:\/\/www.kalitepouviv.fr\/index.php\/wp-json\/wp\/v2\/users\/1"}],"replies":[{"embeddable":true,"href":"https:\/\/www.kalitepouviv.fr\/index.php\/wp-json\/wp\/v2\/comments?post=2189"}],"version-history":[{"count":6,"href":"https:\/\/www.kalitepouviv.fr\/index.php\/wp-json\/wp\/v2\/pages\/2189\/revisions"}],"predecessor-version":[{"id":7746,"href":"https:\/\/www.kalitepouviv.fr\/index.php\/wp-json\/wp\/v2\/pages\/2189\/revisions\/7746"}],"wp:attachment":[{"href":"https:\/\/www.kalitepouviv.fr\/index.php\/wp-json\/wp\/v2\/media?parent=2189"}],"curies":[{"name":"wp","href":"https:\/\/api.w.org\/{rel}","templated":true}]}}