{"id":6870,"date":"2019-07-19T11:26:01","date_gmt":"2019-07-19T15:26:01","guid":{"rendered":"https:\/\/rstheme.com\/products\/wordpress\/medvill\/?page_id=6870"},"modified":"2024-09-16T13:25:58","modified_gmt":"2024-09-16T17:25:58","slug":"home-pediatrics","status":"publish","type":"page","link":"https:\/\/www.kalitepouviv.fr\/","title":{"rendered":"Accueil KALITEPOUVIV 2"},"content":{"rendered":"<section class=\"wpb-content-wrapper\"><p>[vc_row][vc_column css=\u00a0\u00bb.vc_custom_1611860296584{margin-bottom: -80px !important;}\u00a0\u00bb][vc_empty_space height=\u00a0\u00bb33px\u00a0\u00bb css=\u00a0\u00bb.vc_custom_1689603255617{margin-bottom: -30px !important;}\u00a0\u00bb][vc_single_image image=\u00a0\u00bb9633&Prime; img_size=\u00a0\u00bbfull\u00a0\u00bb alignment=\u00a0\u00bbright\u00a0\u00bb onclick=\u00a0\u00bbcustom_link\u00a0\u00bb img_link_target=\u00a0\u00bb_blank\u00a0\u00bb css=\u00a0\u00bb.vc_custom_1631197634828{padding-top: -50px !important;}\u00a0\u00bb link=\u00a0\u00bbhttp:\/\/www.europe-guadeloupe.fr\/\u00a0\u00bb][\/vc_column][\/vc_row][vc_row full_width=\u00a0\u00bbstretch_row\u00a0\u00bb css=\u00a0\u00bb.vc_custom_1611860130095{margin-bottom: -136px !important;padding-top: 0px !important;padding-bottom: 0px !important;background-position: 0 0 !important;background-repeat: repeat !important;}\u00a0\u00bb el_class=\u00a0\u00bbtop-services-dark mobl-mt30&Prime;][vc_column width=\u00a0\u00bb1\/3&Prime; css=\u00a0\u00bb.vc_custom_1548225583155{padding-top: 0px !important;}\u00a0\u00bb]<div class=\"rs-services\"><div class=\"service-inner services-style-7 services-left  vc_custom_1640097960629 \">\r\n\t\t\t\t<div class=\"services-wrap\"> \r\n\t\t\t        <div class=\"services-item\">\r\n\t\t\t            <div class=\"services-icon\">\r\n\t\t\t                <img src=\"https:\/\/www.kalitepouviv.fr\/wp-content\/uploads\/2019\/10\/carrousel11.fw_.png\" alt=\"Rs-service\" \/>\r\n\t\t\t            <\/div>\r\n\t\t\t        \r\n\t\t\t\t\t\t<div class=\"services-desc\"  >\t\r\n\t\t\t\t\t\t<h3 class=\"services-title services-title2 title-upper\" style=\"padding-top: 0px;margin-bottom: 12px;\">\r\n\t\t\t\t\t\t\t<a data-onhovercolor=\"#d1d1d1\" data-onleavecolor=\"#ffffff\" href=\"https:\/\/www.kalitepouviv.fr\/index.php\/unite-petite-enfance-upe\/\" title=\"Unit\u00e9 Petite Enfance UPE\" style=\"color: #ffffff;font-size: 20px;\">Un CAMSP<\/a><\/h3>\t\t\r\n\t\t\t\t\t\t<p  style=\"color: #ffffff\">Centre d&rsquo;Action M\u00e9dico-Social Pr\u00e9coce <\/p>\r\n\t\t\t\t\t\t<\/div>\t\t\r\n\t\t\t\t\t<\/div>\t\r\n\t\t\t\t<\/div>\r\n\t\t\t<\/div>\r\n\t\t<\/div>[\/vc_column][vc_column width=\u00a0\u00bb1\/3&Prime; css=\u00a0\u00bb.vc_custom_1548234660871{padding-top: 0px !important;}\u00a0\u00bb]<div class=\"rs-services\"><div class=\"service-inner services-style-7 services-left  vc_custom_1726507460802 \">\r\n\t\t\t\t<div class=\"services-wrap\"> \r\n\t\t\t        <div class=\"services-item\">\r\n\t\t\t            <div class=\"services-icon\">\r\n\t\t\t                <img src=\"https:\/\/www.kalitepouviv.fr\/wp-content\/uploads\/2019\/10\/carrousel33.fw_.png\" alt=\"Rs-service\" \/>\r\n\t\t\t            <\/div>\r\n\t\t\t        \r\n\t\t\t\t\t\t<div class=\"services-desc\"  >\t\r\n\t\t\t\t\t\t<h3 class=\"services-title services-title2 title-upper\" style=\"padding-top: 0px;margin-bottom: 12px;\">\r\n\t\t\t\t\t\t\t<a data-onhovercolor=\"#d1d1d1\" data-onleavecolor=\"#ffffff\" href=\"https:\/\/www.kalitepouviv.fr\/index.php\/unite-enadoja\/\" title=\"Unit\u00e9 Petite Enfance UPE\" style=\"color: #ffffff;font-size: 20px;\">Deux SESSAD<\/a><\/h3>\t\t\r\n\t\t\t\t\t\t<p  style=\"color: #ffffff\">Service d&rsquo;Education Sp\u00e9cialis\u00e9e et de soins \u00e0 Domicile <\/p>\r\n\t\t\t\t\t\t<\/div>\t\t\r\n\t\t\t\t\t<\/div>\t\r\n\t\t\t\t<\/div>\r\n\t\t\t<\/div>\r\n\t\t<\/div>[\/vc_column][vc_column width=\u00a0\u00bb1\/3&Prime; css=\u00a0\u00bb.vc_custom_1611859796549{padding-top: 0px !important;}\u00a0\u00bb]<div class=\"rs-services\"><div class=\"service-inner services-style-7 services-left  vc_custom_1726507551661 \">\r\n\t\t\t\t<div class=\"services-wrap\"> \r\n\t\t\t        <div class=\"services-item\">\r\n\t\t\t            <div class=\"services-icon\">\r\n\t\t\t                <img src=\"https:\/\/www.kalitepouviv.fr\/wp-content\/uploads\/2019\/10\/carrousel22.fw_.png\" alt=\"Rs-service\" \/>\r\n\t\t\t            <\/div>\r\n\t\t\t        \r\n\t\t\t\t\t\t<div class=\"services-desc\"  >\t\r\n\t\t\t\t\t\t<h3 class=\"services-title services-title2 title-upper\" style=\"padding-top: 0px;margin-bottom: 2px;\">\r\n\t\t\t\t\t\t\t<a data-onhovercolor=\"#d1d1d1\" data-onleavecolor=\"#ffffff\" href=\"#\" title=\"\" style=\"color: #ffffff;font-size: 20px;\">Trois dispositifs rattach\u00e9s<\/a><\/h3>\t\t\r\n\t\t\t\t\t\t<p  style=\"color: #ffffff\">UEMA, Plateforme TND et EMAS <\/p>\r\n\t\t\t\t\t\t<\/div>\t\t\r\n\t\t\t\t\t<\/div>\t\r\n\t\t\t\t<\/div>\r\n\t\t\t<\/div>\r\n\t\t<\/div>[\/vc_column][\/vc_row][vc_row full_width=\u00a0\u00bbstretch_row\u00a0\u00bb css=\u00a0\u00bb.vc_custom_1563517371317{padding-top: 85px !important;padding-bottom: 125px !important;background-image: url(https:\/\/www.kalitepouviv.fr\/wp-content\/uploads\/2019\/07\/services-bg.png?id=6220) !important;background-position: 0 0 !important;background-repeat: repeat !important;}\u00a0\u00bb][vc_column][vc_empty_space height=\u00a0\u00bb40px\u00a0\u00bb]\r\n        <div class=\"rs-heading style4  vc_custom_1571940321982  text-center\">\r\n        \t<div class=\"title-inner\">\r\n        \t\t\r\n\t            \r\n\t            <h2 class=\"title title-upper\" style=\"color: #303745\">Nos prestations<\/h2>\r\n\t        <\/div><div class=\"description\"><p >Le Complexe de services m\u00e9dicosociaux (CSMS) L\u00e9 KOKLAYA est con\u00e7u comme une <em>plate-forme de services,<\/em> form\u00e9e par des dispositifs de soins, d\u2019accompagnement \u00e9ducatif et social (SAES). Il offre ainsi plusieurs prestations:<\/p><\/div><\/div><div class=\"service-carousel\">\n                            <div class=\"service-item slider-services-style2  \" ><div class=\"service-img\">\n                                        <img src=\"https:\/\/www.kalitepouviv.fr\/wp-content\/uploads\/2019\/01\/6-22.jpg\" alt=\"\" \/>\n\n                                    <\/div>\n                                    <div class=\"services-desc\">                                        \n                                        <h4 class=\"services-title title-upper\">>>Le d\u00e9pistage et le diagnostic<\/h4>\n                                        <p >Par l\u2019activit\u00e9 du CAMSP et la Plateforme TND, le CSMS l\u00e9 KOKLAYA contribue au d\u00e9pistage des troubles du d\u00e9veloppement de la petite enfance, au diagnostic des troubles sensoriels, moteurs, et du neurod\u00e9veloppement.<\/p>\n                                        \n                                    <\/div>\n                                <\/div>\n                            <div class=\"service-item slider-services-style2  \" ><div class=\"service-img\">\n                                        <img src=\"https:\/\/www.kalitepouviv.fr\/wp-content\/uploads\/2019\/01\/service_6-22.jpg\" alt=\"\" \/>\n\n                                    <\/div>\n                                    <div class=\"services-desc\">                                        \n                                        <h4 class=\"services-title title-upper\">>>Le soin et l\u2019accompagnement \u00e9ducatif et social<\/h4>\n                                        <p >Pour chaque b\u00e9n\u00e9ficiaire, il est mis \u00e0 disposition un ensemble de prestations \u00e0 caract\u00e8re m\u00e9dical, th\u00e9rapeutique, r\u00e9\u00e9ducatif et r\u00e9-adaptatif, \u00e9ducatif et social, ainsi qu\u2019un soutien aux comp\u00e9tences parentales.<\/p>\n                                        \n                                    <\/div>\n                                <\/div>\n                            <div class=\"service-item slider-services-style2  \" ><div class=\"service-img\">\n                                        <img src=\"https:\/\/www.kalitepouviv.fr\/wp-content\/uploads\/2019\/01\/4-22.jpg\" alt=\"\" \/>\n\n                                    <\/div>\n                                    <div class=\"services-desc\">                                        \n                                        <h4 class=\"services-title title-upper\">>>L\u2019appui aux tiers impliqu\u00e9s dans l\u2019accompagnement des b\u00e9n\u00e9ficiaires<\/h4>\n                                        <p >Les professionnels de nos \u00e9quipes m\u00e9dicosociales contribuent \u00e0 l\u2019information et la formation nos partenaires et \u00e0 toutes autres entit\u00e9s concern\u00e9es par nos usagers.<\/p>\n                                        \n                                    <\/div>\n                                <\/div><\/div>[vc_row_inner][vc_column_inner css=\u00a0\u00bb.vc_custom_1571862855944{margin-bottom: -100px !important;}\u00a0\u00bb]\r\n        <div class=\"rs-heading style4  vc_custom_1571862896039  text-center\">\r\n        \t<div class=\"title-inner\">\r\n        \t\t\r\n\t            \r\n\t            <h2 class=\"title title-upper\" style=\"color: #303745\">KALITEPOUVIV c'est<\/h2>\r\n\t        <\/div><div class=\"description\"><p >une \u00e9quipe et des collaborateurs multiples et vari\u00e9s<\/p><\/div><\/div>[\/vc_column_inner][\/vc_row_inner][\/vc_column][\/vc_row][vc_row full_width=\u00a0\u00bbstretch_row\u00a0\u00bb css=\u00a0\u00bb.vc_custom_1571076065368{padding-top: 20px !important;padding-bottom: 60px !important;background-image: url(https:\/\/www.kalitepouviv.fr\/wp-content\/uploads\/2019\/10\/in_7-3.jpg?id=7128) !important;background-position: center !important;background-repeat: no-repeat !important;background-size: cover !important;}\u00a0\u00bb el_class=\u00a0\u00bbwhy-choose\u00a0\u00bb][vc_column][vc_row_inner css=\u00a0\u00bb.vc_custom_1563172503337{margin-top: 0px !important;padding-top: 0px !important;}\u00a0\u00bb el_class=\u00a0\u00bbresponsive2col\u00a0\u00bb][vc_column_inner width=\u00a0\u00bb1\/3&Prime;]\n    <div class=\"counter-top-area  style1 left \"   >\n\n    <div class=\"rs-counter-list\">\n        <div class=\"counter-icon\"><img src=\"https:\/\/www.kalitepouviv.fr\/wp-content\/uploads\/2019\/10\/clipboard-233.fw_.fw_.png\" alt=\"Counter Icon\"\/><\/div>\n    <div class=\"count-text\">\n    <div style=\"margin-top:10px; margin-bottom:10px; color:#000000\" class=\"count-number\">\n        <span style=\"font-size:40px; line-height:40px; color:#000000\" class=\"rs-counter\"> 251<\/span> \n        <span style=\"color:#000000\"><span style=\"font-size:25px; line-height:25px\">+<\/span><\/span>\n    <\/div>         \n        <h3  style=\"color: #000000\"><span  style=\"font-size: 20px; line-height: 20px!important\">B\u00e9n\u00e9ficiaires<\/span><\/h3><\/div>\n    <\/div><\/div>[\/vc_column_inner][vc_column_inner width=\u00a0\u00bb1\/3&Prime;]\n    <div class=\"counter-top-area  style1 left \"   >\n\n    <div class=\"rs-counter-list\">\n        <div class=\"counter-icon\"><img src=\"https:\/\/www.kalitepouviv.fr\/wp-content\/uploads\/2019\/10\/clipboard-1.fw_.png\" alt=\"Counter Icon\"\/><\/div>\n    <div class=\"count-text\">\n    <div style=\"margin-top:10px; margin-bottom:10px; color:#000000\" class=\"count-number\">\n        <span style=\"font-size:40px; line-height:40px; color:#000000\" class=\"rs-counter\"> 99<\/span> \n        <span style=\"color:#000000\"><span style=\"font-size:25px; line-height:25px\">+<\/span><\/span>\n    <\/div>         \n        <h3  style=\"color: #000000\"><span  style=\"font-size: 20px; line-height: 20px!important\">Salari\u00e9s<\/span><\/h3><\/div>\n    <\/div><\/div>[\/vc_column_inner][vc_column_inner width=\u00a0\u00bb1\/3&Prime;]\n    <div class=\"counter-top-area  style1 left \"   >\n\n    <div class=\"rs-counter-list\">\n        <div class=\"counter-icon\"><img src=\"https:\/\/www.kalitepouviv.fr\/wp-content\/uploads\/2019\/10\/clipboard-3.fw_.png\" alt=\"Counter Icon\"\/><\/div>\n    <div class=\"count-text\">\n    <div style=\"margin-top:10px; margin-bottom:10px; color:#000000\" class=\"count-number\">\n        <span style=\"font-size:40px; line-height:40px; color:#000000\" class=\"rs-counter\"> 70<\/span> \n        <span style=\"color:#000000\"><span style=\"font-size:25px; line-height:25px\">+<\/span><\/span>\n    <\/div>         \n        <h3  style=\"color: #000000\"><span  style=\"font-size: 20px; line-height: 20px!important\">Professionnels de soins et d'accompagnement \u00e9ducatif et social<\/span><\/h3><\/div>\n    <\/div><\/div>[\/vc_column_inner][\/vc_row_inner][\/vc_column][\/vc_row]<\/p>\n<\/section>","protected":false},"excerpt":{"rendered":"<p>[vc_row][vc_column css=\u00a0\u00bb.vc_custom_1611860296584{margin-bottom: -80px !important;}\u00a0\u00bb][vc_empty_space height=\u00a0\u00bb33px\u00a0\u00bb css=\u00a0\u00bb.vc_custom_1689603255617{margin-bottom: -30px !important;}\u00a0\u00bb][vc_single_image image=\u00a0\u00bb9633&Prime; img_size=\u00a0\u00bbfull\u00a0\u00bb alignment=\u00a0\u00bbright\u00a0\u00bb onclick=\u00a0\u00bbcustom_link\u00a0\u00bb img_link_target=\u00a0\u00bb_blank\u00a0\u00bb css=\u00a0\u00bb.vc_custom_1631197634828{padding-top: -50px !important;}\u00a0\u00bb link=\u00a0\u00bbhttp:\/\/www.europe-guadeloupe.fr\/\u00a0\u00bb][\/vc_column][\/vc_row][vc_row full_width=\u00a0\u00bbstretch_row\u00a0\u00bb css=\u00a0\u00bb.vc_custom_1611860130095{margin-bottom: -136px !important;padding-top: 0px !important;padding-bottom: 0px !important;background-position: 0 0 !important;background-repeat: repeat !important;}\u00a0\u00bb el_class=\u00a0\u00bbtop-services-dark mobl-mt30&Prime;][vc_column width=\u00a0\u00bb1\/3&Prime; css=\u00a0\u00bb.vc_custom_1548225583155{padding-top: 0px !important;}\u00a0\u00bb][\/vc_column][vc_column width=\u00a0\u00bb1\/3&Prime; css=\u00a0\u00bb.vc_custom_1548234660871{padding-top: 0px !important;}\u00a0\u00bb][\/vc_column][vc_column width=\u00a0\u00bb1\/3&Prime; css=\u00a0\u00bb.vc_custom_1611859796549{padding-top: 0px !important;}\u00a0\u00bb][\/vc_column][\/vc_row][vc_row full_width=\u00a0\u00bbstretch_row\u00a0\u00bb css=\u00a0\u00bb.vc_custom_1563517371317{padding-top: 85px !important;padding-bottom: 125px !important;background-image: url(https:\/\/www.kalitepouviv.fr\/wp-content\/uploads\/2019\/07\/services-bg.png?id=6220) !important;background-position: 0 0 !important;background-repeat:&#8230;<\/p>\n","protected":false},"author":1,"featured_media":0,"parent":0,"menu_order":0,"comment_status":"closed","ping_status":"closed","template":"","meta":[],"_links":{"self":[{"href":"https:\/\/www.kalitepouviv.fr\/index.php\/wp-json\/wp\/v2\/pages\/6870"}],"collection":[{"href":"https:\/\/www.kalitepouviv.fr\/index.php\/wp-json\/wp\/v2\/pages"}],"about":[{"href":"https:\/\/www.kalitepouviv.fr\/index.php\/wp-json\/wp\/v2\/types\/page"}],"author":[{"embeddable":true,"href":"https:\/\/www.kalitepouviv.fr\/index.php\/wp-json\/wp\/v2\/users\/1"}],"replies":[{"embeddable":true,"href":"https:\/\/www.kalitepouviv.fr\/index.php\/wp-json\/wp\/v2\/comments?post=6870"}],"version-history":[{"count":185,"href":"https:\/\/www.kalitepouviv.fr\/index.php\/wp-json\/wp\/v2\/pages\/6870\/revisions"}],"predecessor-version":[{"id":10301,"href":"https:\/\/www.kalitepouviv.fr\/index.php\/wp-json\/wp\/v2\/pages\/6870\/revisions\/10301"}],"wp:attachment":[{"href":"https:\/\/www.kalitepouviv.fr\/index.php\/wp-json\/wp\/v2\/media?parent=6870"}],"curies":[{"name":"wp","href":"https:\/\/api.w.org\/{rel}","templated":true}]}}