{"id":7395,"date":"2019-10-24T05:23:25","date_gmt":"2019-10-24T09:23:25","guid":{"rendered":"http:\/\/kalitepouviv.org\/proposition2\/?page_id=7395"},"modified":"2023-01-05T08:51:09","modified_gmt":"2023-01-05T12:51:09","slug":"conseil-dadministration","status":"publish","type":"page","link":"https:\/\/www.kalitepouviv.fr\/index.php\/conseil-dadministration\/","title":{"rendered":"Conseil d&rsquo;administration"},"content":{"rendered":"\n<h2> Conseil d&rsquo;administration <\/h2>\n\n\n\n<p><strong>Pr\u00e9sident<\/strong> &#8211;&nbsp; <em>Mr Herv\u00e9 BUFFON<\/em><\/p>\n\n\n\n<p><strong>1e Vice pr\u00e9sident &#8211; Secr\u00e9taire<\/strong> &#8211; <em>Mme Rachel DUWICQUET<\/em><\/p>\n\n\n\n<p> <strong>2e Vice pr\u00e9sident<\/strong> <strong>&#8211; Tr\u00e9sorier <\/strong>&#8211; <em>Mr Erick VERIN<\/em><\/p>\n\n\n\n<p><strong>Secr\u00e9taire adjoint <\/strong>&#8211; <em>Mr Michel DORVILLE<\/em><\/p>\n\n\n\n<p><strong>Tr\u00e9sorier adjoint<\/strong> &#8211;  <em>Mr Ars\u00e8ne VINGLASSALON<\/em> <\/p>\n\n\n\n<p><strong>Autres membres :<\/strong> M<em>me Z\u00e9na BOYER, Mr Patrick HOTON, Mr Darius LEPIERRE, Mr Patrice SAINT AURET<\/em> <\/p>\n","protected":false},"excerpt":{"rendered":"<p>Conseil d&rsquo;administration Pr\u00e9sident &#8211;&nbsp; Mr Herv\u00e9 BUFFON 1e Vice pr\u00e9sident &#8211; Secr\u00e9taire &#8211; Mme Rachel DUWICQUET 2e Vice pr\u00e9sident &#8211; Tr\u00e9sorier &#8211; Mr Erick VERIN Secr\u00e9taire adjoint &#8211; Mr Michel DORVILLE Tr\u00e9sorier adjoint &#8211; Mr Ars\u00e8ne VINGLASSALON Autres membres : Mme Z\u00e9na BOYER, Mr Patrick HOTON, Mr Darius LEPIERRE, Mr Patrice SAINT AURET<\/p>\n","protected":false},"author":1,"featured_media":0,"parent":0,"menu_order":0,"comment_status":"closed","ping_status":"closed","template":"","meta":[],"_links":{"self":[{"href":"https:\/\/www.kalitepouviv.fr\/index.php\/wp-json\/wp\/v2\/pages\/7395"}],"collection":[{"href":"https:\/\/www.kalitepouviv.fr\/index.php\/wp-json\/wp\/v2\/pages"}],"about":[{"href":"https:\/\/www.kalitepouviv.fr\/index.php\/wp-json\/wp\/v2\/types\/page"}],"author":[{"embeddable":true,"href":"https:\/\/www.kalitepouviv.fr\/index.php\/wp-json\/wp\/v2\/users\/1"}],"replies":[{"embeddable":true,"href":"https:\/\/www.kalitepouviv.fr\/index.php\/wp-json\/wp\/v2\/comments?post=7395"}],"version-history":[{"count":11,"href":"https:\/\/www.kalitepouviv.fr\/index.php\/wp-json\/wp\/v2\/pages\/7395\/revisions"}],"predecessor-version":[{"id":9785,"href":"https:\/\/www.kalitepouviv.fr\/index.php\/wp-json\/wp\/v2\/pages\/7395\/revisions\/9785"}],"wp:attachment":[{"href":"https:\/\/www.kalitepouviv.fr\/index.php\/wp-json\/wp\/v2\/media?parent=7395"}],"curies":[{"name":"wp","href":"https:\/\/api.w.org\/{rel}","templated":true}]}}