{"id":7407,"date":"2019-10-24T06:06:55","date_gmt":"2019-10-24T10:06:55","guid":{"rendered":"http:\/\/kalitepouviv.org\/proposition2\/?page_id=7407"},"modified":"2023-01-05T08:53:46","modified_gmt":"2023-01-05T12:53:46","slug":"historique","status":"publish","type":"page","link":"https:\/\/www.kalitepouviv.fr\/index.php\/historique\/","title":{"rendered":"Historique"},"content":{"rendered":"\n<h2>Historique<\/h2>\n\n\n\n<p><strong>Kalit\u00e9pouviv<\/strong>, Association pour la promotion des solidarit\u00e9s et de la qualit\u00e9 de vie en Guadeloupe.<\/p>\n\n\n\n<p>Fond\u00e9e le 20 avril 2000.<\/p>\n\n\n\n<p>Son premier Pr\u00e9sident est Monsieur Hubert JABOT auquel a succ\u00e9d\u00e9 Monsieur Camilus RABIN, jusqu\u2019en juin 2018. Madame Yvelle LUBIN MELANGE lui a ensuite succ\u00e9d\u00e9, ainsi que Monsieur Fred LAURENT. <\/p>\n\n\n\n<p>Depuis juin 2022, s<strong>on Pr\u00e9sident actuel est Monsieur Herv\u00e9 BUFFON<\/strong>.<\/p>\n","protected":false},"excerpt":{"rendered":"<p>Historique Kalit\u00e9pouviv, Association pour la promotion des solidarit\u00e9s et de la qualit\u00e9 de vie en Guadeloupe. Fond\u00e9e le 20 avril 2000. Son premier Pr\u00e9sident est Monsieur Hubert JABOT auquel a succ\u00e9d\u00e9 Monsieur Camilus RABIN, jusqu\u2019en juin 2018. Madame Yvelle LUBIN MELANGE lui a ensuite succ\u00e9d\u00e9, ainsi que Monsieur Fred LAURENT. Depuis juin 2022, son Pr\u00e9sident&#8230;<\/p>\n","protected":false},"author":1,"featured_media":0,"parent":0,"menu_order":0,"comment_status":"closed","ping_status":"closed","template":"","meta":[],"_links":{"self":[{"href":"https:\/\/www.kalitepouviv.fr\/index.php\/wp-json\/wp\/v2\/pages\/7407"}],"collection":[{"href":"https:\/\/www.kalitepouviv.fr\/index.php\/wp-json\/wp\/v2\/pages"}],"about":[{"href":"https:\/\/www.kalitepouviv.fr\/index.php\/wp-json\/wp\/v2\/types\/page"}],"author":[{"embeddable":true,"href":"https:\/\/www.kalitepouviv.fr\/index.php\/wp-json\/wp\/v2\/users\/1"}],"replies":[{"embeddable":true,"href":"https:\/\/www.kalitepouviv.fr\/index.php\/wp-json\/wp\/v2\/comments?post=7407"}],"version-history":[{"count":11,"href":"https:\/\/www.kalitepouviv.fr\/index.php\/wp-json\/wp\/v2\/pages\/7407\/revisions"}],"predecessor-version":[{"id":9783,"href":"https:\/\/www.kalitepouviv.fr\/index.php\/wp-json\/wp\/v2\/pages\/7407\/revisions\/9783"}],"wp:attachment":[{"href":"https:\/\/www.kalitepouviv.fr\/index.php\/wp-json\/wp\/v2\/media?parent=7407"}],"curies":[{"name":"wp","href":"https:\/\/api.w.org\/{rel}","templated":true}]}}