{"id":7411,"date":"2019-10-24T06:09:51","date_gmt":"2019-10-24T10:09:51","guid":{"rendered":"http:\/\/kalitepouviv.org\/proposition2\/?page_id=7411"},"modified":"2024-02-05T11:50:08","modified_gmt":"2024-02-05T15:50:08","slug":"projet-associatif","status":"publish","type":"page","link":"https:\/\/www.kalitepouviv.fr\/index.php\/projet-associatif\/","title":{"rendered":"Projet associatif"},"content":{"rendered":"<section class=\"wpb-content-wrapper\"><p>[vc_row][vc_column][vc_column_text]<span style=\"color: #333333;\"><\/span><\/p>\n<h2><span style=\"color: #333333;\">Notre projet associatif 2023-2027<\/span><\/h2>\n<p><span style=\"color: #333333;\"><\/span><\/p>\n<div class=\"wp-block-image\">\n<figure class=\"alignright size-full is-resized\"><span style=\"color: #333333;\"><a href=\"https:\/\/www.kalitepouviv.fr\/wp-content\/uploads\/2024\/02\/PROJET-KPV-23-27-V2-1.pdf\"><img decoding=\"async\" loading=\"lazy\" class=\"alignright wp-image-9880\" src=\"https:\/\/www.kalitepouviv.fr\/wp-content\/uploads\/2023\/05\/PA-2023-2027.png\" alt=\"\" width=\"423\" height=\"598\" srcset=\"https:\/\/www.kalitepouviv.fr\/wp-content\/uploads\/2023\/05\/PA-2023-2027.png 605w, https:\/\/www.kalitepouviv.fr\/wp-content\/uploads\/2023\/05\/PA-2023-2027-212x300.png 212w\" sizes=\"(max-width: 423px) 100vw, 423px\" \/><\/a><\/span><\/figure><\/div><\/span><\/p>\n\n<p class=\"has-text-align-left\" style=\"font-size: 18px;\"><span style=\"color: #333333;\">Depuis 22 ans, les membres de KALITEPOUVIV sont r\u00e9unis autour d\u2019une d\u00e9marche de relations solidaires, fondatrice d\u2019une \u00e9thique orient\u00e9e vers l\u2019\u00e9panouissement des personnes d\u00e9favoris\u00e9es par une d\u00e9ficience de leurs comp\u00e9tences naturelles.<\/span><\/p>\n<p><span style=\"color: #333333;\"><\/span><\/p>\n<p>&nbsp;<\/p>\n\n<p class=\"has-text-align-left\" style=\"font-size: 18px;\"><span style=\"color: #333333;\">KALITEPOUVIV a pour but de concevoir, et de d\u00e9velopper des actions de solidarit\u00e9, d\u2019\u00e9ducation et d\u2019information, visant le maintien ou l\u2019am\u00e9lioration de la qualit\u00e9 de vie, particuli\u00e8rement en ce qui concerne l\u2019enfance, les personnes \u00e2g\u00e9es et les personnes d\u00e9savantag\u00e9es par un handicap ou un ph\u00e9nom\u00e8ne social.<\/span><\/p>\n<p><span style=\"color: #333333;\"><\/span><\/p>\n<p>&nbsp;<\/p>\n\n<p style=\"font-size: 18px;\"><span style=\"color: #333333;\">Le secteur m\u00e9dico-social \u00e9volue, les connaissances des divers types de handicaps s\u2019enrichissent, les modes d\u2019accompagnement se diversifient et respectent les recommandations de bonnes pratiques qui organisent nos pratiques.<\/span><\/p>\n<p><span style=\"color: #333333;\"><\/span><\/p>\n\n<p style=\"font-size: 18px;\"><span style=\"color: #333333;\">Dans le cadre des\u00a0bonnes pratiques qui r\u00e9gissent nos pratiques, \u00e0\u00a0l\u2019\u00e9coute de l\u2019\u00e9volution du secteur m\u00e9dico-social, \u00e0 l&rsquo;appui des nouvelles connaissances des divers handicaps et \u00e0 l&rsquo;initiative de nos expertises pour les modes d&rsquo;accompagnement,\u00a0 nous avons d\u00e9cid\u00e9 d\u2019\u00e9laborer un nouveau projet associatif. <\/span><\/p>\n<p style=\"font-size: 18px;\"><span style=\"color: #333333;\">Ainsi, dans l&rsquo;optique de r\u00e9pondre \u00e0 l&rsquo;\u00e9volution des attentes de la soci\u00e9t\u00e9 dans l&rsquo;accompagnement d&rsquo;enfants, d&rsquo;adolescents, de jeunes adultes fragilis\u00e9s et\/ou en situation de handicap, ce nouveau projet traduit notre volont\u00e9 de maintenir et de renforcer nos optiques portant l\u2019ambition d\u2019offrir un service de qualit\u00e9 \u00e0 chaque personne accompagn\u00e9e au sein du Complexe L\u00e9 Koklaya \u00e0 travers ses services, \u00e9tablissements et dispositifs.<\/span><\/p>\n<p><span style=\"color: #333333;\"><\/span><\/p>\n\n<p class=\"has-black-color has-text-color\" style=\"font-size: 18px;\"><span style=\"color: #333333;\">Il a \u00e9t\u00e9 <strong>vot\u00e9 par le Conseil d\u2019Administration du 25 avril 2023.<\/strong><\/span><\/p>\n<p><span style=\"color: #333333;\"><\/span>[\/vc_column_text][\/vc_column][\/vc_row][vc_row][vc_column][vc_btn title=\u00a0\u00bbT\u00e9l\u00e9chargez ici le projet associatif\u00a0\u00bb color=\u00a0\u00bbsuccess\u00a0\u00bb link=\u00a0\u00bburl:https%3A%2F%2Fwww.kalitepouviv.fr%2Fwp-content%2Fuploads%2F2024%2F02%2FPROJET-KPV-23-27-V2-1.pdf|target:_blank\u00a0\u00bb][\/vc_column][\/vc_row]<\/p>\n<\/section>","protected":false},"excerpt":{"rendered":"<p>[vc_row][vc_column][vc_column_text] Notre projet associatif 2023-2027 Depuis 22 ans, les membres de KALITEPOUVIV sont r\u00e9unis autour d\u2019une d\u00e9marche de relations solidaires, fondatrice d\u2019une \u00e9thique orient\u00e9e vers l\u2019\u00e9panouissement des personnes d\u00e9favoris\u00e9es par une d\u00e9ficience de leurs comp\u00e9tences naturelles. &nbsp; KALITEPOUVIV a pour but de concevoir, et de d\u00e9velopper des actions de solidarit\u00e9, d\u2019\u00e9ducation et d\u2019information, visant le&#8230;<\/p>\n","protected":false},"author":1,"featured_media":0,"parent":0,"menu_order":0,"comment_status":"closed","ping_status":"closed","template":"","meta":[],"_links":{"self":[{"href":"https:\/\/www.kalitepouviv.fr\/index.php\/wp-json\/wp\/v2\/pages\/7411"}],"collection":[{"href":"https:\/\/www.kalitepouviv.fr\/index.php\/wp-json\/wp\/v2\/pages"}],"about":[{"href":"https:\/\/www.kalitepouviv.fr\/index.php\/wp-json\/wp\/v2\/types\/page"}],"author":[{"embeddable":true,"href":"https:\/\/www.kalitepouviv.fr\/index.php\/wp-json\/wp\/v2\/users\/1"}],"replies":[{"embeddable":true,"href":"https:\/\/www.kalitepouviv.fr\/index.php\/wp-json\/wp\/v2\/comments?post=7411"}],"version-history":[{"count":36,"href":"https:\/\/www.kalitepouviv.fr\/index.php\/wp-json\/wp\/v2\/pages\/7411\/revisions"}],"predecessor-version":[{"id":10167,"href":"https:\/\/www.kalitepouviv.fr\/index.php\/wp-json\/wp\/v2\/pages\/7411\/revisions\/10167"}],"wp:attachment":[{"href":"https:\/\/www.kalitepouviv.fr\/index.php\/wp-json\/wp\/v2\/media?parent=7411"}],"curies":[{"name":"wp","href":"https:\/\/api.w.org\/{rel}","templated":true}]}}