{"id":8506,"date":"2020-03-30T09:02:14","date_gmt":"2020-03-30T13:02:14","guid":{"rendered":"https:\/\/www.kalitepouviv.fr\/?page_id=8506"},"modified":"2020-05-18T10:25:24","modified_gmt":"2020-05-18T14:25:24","slug":"jouer-pour-stimuler-mon-enfant","status":"publish","type":"page","link":"https:\/\/www.kalitepouviv.fr\/index.php\/jouer-pour-stimuler-mon-enfant\/","title":{"rendered":"Activit\u00e9s pour stimuler mon enfant"},"content":{"rendered":"<section class=\"wpb-content-wrapper\"><p>[vc_row][vc_column][vc_column_text]<\/p>\r\n<h2>Stimuler les capacit\u00e9s de votre enfant et renforcer ses comp\u00e9tences<\/h2>\r\n<h3><em>Des id\u00e9es d&rsquo;organisation, d&rsquo;activit\u00e9s et de jeux<\/em><\/h3>\r\n<p>A l&rsquo;heure du d\u00e9confinement, il se peut que les activit\u00e9 scolaires, culturelles, d&rsquo;animation ou de sport ne soient pas encore accessibles. Or, \u00e0 la suite de cette longue p\u00e9riode de confinement, votre enfant a toujours besoin de stimulations et de jeux, autant pour son \u00e9quilibre personnel que pour accompagner le handicap ou le trouble qu&rsquo;il pr\u00e9sente.<\/p>\r\n<p>Aussi, nous vous proposons quelques activit\u00e9s en psychomotricit\u00e9, pour le langage, pour l&rsquo;attention ou encore la m\u00e9moire.<\/p>\r\n<p>[\/vc_column_text][vc_column_text css_animation=\u00a0\u00bbfadeInDown\u00a0\u00bb]<\/p>\r\n<hr \/>\r\n<h4 style=\"text-align: right;\"><span style=\"color: #008000;\"><em>Des documents tr\u00e8s int\u00e9ressants, de bonnes id\u00e9es et d<\/em><\/span><em><span style=\"color: #008000;\">es liens vers des sites dynamiques :<\/span><\/em><\/h4>\r\n<p>[\/vc_column_text][\/vc_column][\/vc_row][vc_row][vc_column][vc_column_text]<\/p>\r\n<p><strong>Id\u00e9es pour tous les enfants:<\/strong><\/p>\r\n<ul>\r\n<li><a href=\"https:\/\/www.kalitepouviv.fr\/wp-content\/uploads\/2020\/04\/Le-livret-dactivit\u00e9s-des-ergoth\u00e9rapeutes-pour-vous-et-vos-enfants.pdf\">Le livret d&rsquo;activit\u00e9s des ergoth\u00e9rapeutes pour vous et vos enfants<\/a><\/li>\r\n<li><a href=\"https:\/\/www.kalitepouviv.fr\/wp-content\/uploads\/2020\/03\/Id\u00e9es-de-parents-activit\u00e9s-sensorimotrices.pdf\">Id\u00e9es de parents &#8211; activit\u00e9s sensorimotrices<\/a><\/li>\r\n<li><a href=\"https:\/\/www.kalitepouviv.fr\/wp-content\/uploads\/2020\/03\/Activit\u00e9s-sensorielles-CONFINEMENT-1.pdf\">Activit\u00e9s-sensorielles-CONFINEMENT-1<\/a> : activit\u00e9s sensorielles \u00e0 faire \u00e0 la maison pour les enfants avec des perturbations sensorielles<\/li>\r\n<li><a href=\"https:\/\/www.kalitepouviv.fr\/wp-content\/uploads\/2020\/03\/CAMSP-APF-Conseils-pour-occupe-r-les-enfants-a\u0300-la-maison.pdf\">CAMSP-APF-Conseils-pour-occupe-r-les-enfants-a\u0300-la-maison<\/a><\/li>\r\n<li><a href=\"https:\/\/www.kalitepouviv.fr\/wp-content\/uploads\/2020\/04\/OT_Guide_COVID_March2020_FR.pdf\">Quand la vie quotidienne est perturb\u00e9e&#8230;- Accompagner les bouleversements caus\u00e9s par le covid 19<\/a><\/li>\r\n<li><a href=\"https:\/\/www.kalitepouviv.fr\/wp-content\/uploads\/2020\/04\/Comment_s_occuper_quand_on_est_confin\u00e9.pdf\">Comment_s&rsquo;occuper_quand_on_est_confin\u00e9<\/a><\/li>\r\n<li><a href=\"https:\/\/www.pedopsydebre.org\/post\/la-psychomotricit%C3%A9-%C3%A0-la-maison-durant-le-confinement-petite-enfance-maternelle\">La psychomotricit\u00e9 \u00e0 la maison durant le confinement : PETITE ENFANCE\/MATERNELLE<\/a><\/li>\r\n<li><a href=\"https:\/\/www.pedopsydebre.org\/post\/la-psychomotricit%C3%A9-%C3%A0-la-maison-pendant-le-confinement-primaire\">La psychomotricit\u00e9 \u00e0 la maison pendant le confinement : PRIMAIRE<\/a><\/li>\r\n<li><a href=\"https:\/\/www.pedopsydebre.org\/post\/la-psychomotricit%C3%A9-%C3%A0-la-maison-durant-le-confinement-college-lycee\">La psychomotricit\u00e9 \u00e0 la maison durant le confinement : COLLEGE\/LYCEE<\/a><\/li>\r\n<li><a href=\"https:\/\/www.kalitepouviv.fr\/wp-content\/uploads\/2020\/04\/Cahier-d-exercice-de-decouverte-sensorielle-Ergo.pdf\">Cahier d exercice de decouverte sensorielle &#8211; Ergo<\/a><\/li>\r\n<li><a href=\"https:\/\/www.pedopsydebre.org\/post\/motiver-les-changements-durant-le-confinement-le-tableau-%C3%A0-point-ou-syst%C3%A8me-d-%C3%A9conomie-de-jeton\">Motiver les changements durant le confinement : Le tableau \u00e0 point ou syst\u00e8me d&rsquo;\u00e9conomie de jeton<\/a><\/li>\r\n<li>Le blog <span id=\"OBJ_PREFIX_DWT111_com_zimbra_url\" class=\"Object\"><span id=\"OBJ_PREFIX_DWT168_com_zimbra_url\" class=\"Object\" role=\"link\"><a href=\"https:\/\/www.bloghoptoys.fr\/\" target=\"_blank\" rel=\"nofollow noopener noreferrer\">https:\/\/www.bloghoptoys.fr\/<\/a><\/span><\/span> est fourni en articles proposant diverses activit\u00e9s pour les enfants, et notamment pour les enfants porteurs de handicap.<\/li>\r\n<li>Le blog <span id=\"OBJ_PREFIX_DWT115_com_zimbra_url\" class=\"Object\"><span id=\"OBJ_PREFIX_DWT172_com_zimbra_url\" class=\"Object\" role=\"link\"><a href=\"https:\/\/jimagines.blog\/\" target=\"_blank\" rel=\"nofollow noopener noreferrer\">https:\/\/jimagines.blog\/<\/a><\/span><\/span> propose des activit\u00e9s pour les plus jeunes sur diff\u00e9rents th\u00e8mes.<\/li>\r\n<li>Le site <span id=\"OBJ_PREFIX_DWT116_com_zimbra_url\" class=\"Object\"><span id=\"OBJ_PREFIX_DWT173_com_zimbra_url\" class=\"Object\" role=\"link\"><a href=\"http:\/\/www.pecpo-t21.fr\/\" target=\"_blank\" rel=\"nofollow noopener noreferrer\">http:\/\/www.pecpo-t21.fr\/<\/a><\/span><\/span> propose des pistes de r\u00e9\u00e9ducation pour les enfants porteurs de trisomie 21.<\/li>\r\n<li><a href=\"https:\/\/www.facebook.com\/150977011984\/posts\/10157176397666985\/?sfnsn=mo\">Hop toys<\/a> : On s&rsquo;organise ! Les plannings et organisateurs visuels sont des outils qui permettent aux enfants de gagner en autonomie en leur apprenant \u00e0 s\u2019auto-g\u00e9rer.<\/li>\r\n<\/ul>\r\n<p><strong>Id\u00e9es pour les enfants autistes:<\/strong><\/p>\r\n<ul>\r\n<li><a href=\"http:\/\/www.autisme-france.fr\/offres\/doc_inline_src\/577\/COVID-19_Autisme_VF_0.pdf\">COVID-19: comment vivre le confinement avec un enfant autiste<\/a><\/li>\r\n<li><a href=\"https:\/\/www.pedopsydebre.org\/post\/autismeetcovid19\">COVID-19 et Trouble du Spectre de l\u2019Autisme Que faire \u00e0 la maison durant le confinement ? <\/a><\/li>\r\n<li><a href=\"https:\/\/gncra.fr\/\">https:\/\/gncra.fr\/<\/a><\/li>\r\n<li><a href=\"https:\/\/www.kalitepouviv.fr\/wp-content\/uploads\/2020\/04\/Je-suis-autiste-et-confin\u00e9-Guide-TSA_Ados_Adultes_09042020.pdf\">Je suis autiste et confin\u00e9 &#8211; Guide-TSA_Ados_Adultes_09042020<\/a><\/li>\r\n<\/ul>\r\n<p><strong>Id\u00e9es pour les enfants TDAH et difficult\u00e9s d&rsquo;attention :<\/strong><\/p>\r\n<ul>\r\n<li><a href=\"https:\/\/www.pedopsydebre.org\/post\/confinement-et-tdah\">Conseils aux parents d&rsquo;enfant avec TDAH<\/a><\/li>\r\n<li>L&rsquo;\u00e9diteur smart games <span id=\"OBJ_PREFIX_DWT117_com_zimbra_url\" class=\"Object\"><span id=\"OBJ_PREFIX_DWT174_com_zimbra_url\" class=\"Object\" role=\"link\"><a href=\"https:\/\/www.smartgameslive.com\/fr\/welcome\" target=\"_blank\" rel=\"nofollow noopener noreferrer\">https:\/\/www.smartgameslive.com\/fr\/welcome<\/a><\/span><\/span> propose des jeux d&rsquo;attention et de concentration gratuit en ligne.<\/li>\r\n<li><a href=\"https:\/\/www.kalitepouviv.fr\/wp-content\/uploads\/2020\/05\/TDAH-et-confinement.pdf\">TDAH et confinement<\/a><\/li>\r\n<\/ul>\r\n<p><strong>Id\u00e9es pour les enfants avec des difficult\u00e9s de langage:<\/strong><\/p>\r\n<ul>\r\n<li><a href=\"https:\/\/www.pedopsydebre.org\/post\/confinement-aider-son-enfant-qui-a-un-trouble-ou-un-retard-dans-l-acquisition-du-langage-oral\">Confinement: Aider son enfant qui a un trouble ou un retard dans l&rsquo;acquisition du langage oral <\/a><\/li>\r\n<li>Le site <span id=\"OBJ_PREFIX_DWT112_com_zimbra_url\" class=\"Object\"><span id=\"OBJ_PREFIX_DWT567_com_zimbra_url\" class=\"Object\" role=\"link\"><a href=\"https:\/\/www.happyneuronpro.com\/orthophonie\/ressources-gratuites\/fiches-gratuites\/\" target=\"_blank\" rel=\"nofollow noopener noreferrer\">https:\/\/www.happyneuronpro.com\/orthophonie\/ressources-gratuites\/fiches-gratuites\/<\/a><\/span><\/span> propose des fiches gratuites pour travailler notamment le langage \u00e9crit.<\/li>\r\n<li>Le site <span id=\"OBJ_PREFIX_DWT113_com_zimbra_url\" class=\"Object\"><span id=\"OBJ_PREFIX_DWT170_com_zimbra_url\" class=\"Object\" role=\"link\"><a href=\"https:\/\/sos-ortho.org\/\" target=\"_blank\" rel=\"nofollow noopener noreferrer\">https:\/\/sos-ortho.org\/<\/a><\/span><\/span> a \u00e9t\u00e9 cr\u00e9\u00e9 par des cons\u0153urs pour apporter diff\u00e9rentes id\u00e9es d&rsquo;activit\u00e9s pendant le confinement (langage oral, articulation, langage \u00e9crit,&#8230;)<\/li>\r\n<li>Le blog <span id=\"OBJ_PREFIX_DWT114_com_zimbra_url\" class=\"Object\"><span id=\"OBJ_PREFIX_DWT171_com_zimbra_url\" class=\"Object\" role=\"link\"><a href=\"https:\/\/www.allo-ortho.com\/\" target=\"_blank\" rel=\"nofollow noopener noreferrer\">https:\/\/www.allo-ortho.com\/<\/a><\/span><\/span> a \u00e9t\u00e9 cr\u00e9\u00e9 au d\u00e9part pour les patients sur liste d&rsquo;attente pour une place en orthophonie. Il propose des articles int\u00e9ressants pour aider son enfant au quotidien dans diff\u00e9rents domaines.<\/li>\r\n<\/ul>\r\n<!-- \/wp:list -->\r\n<p>&nbsp;<\/p>\r\n<p>[\/vc_column_text][\/vc_column][\/vc_row]<\/p><\/section>","protected":false},"excerpt":{"rendered":"<p>[vc_row][vc_column][vc_column_text] Stimuler les capacit\u00e9s de votre enfant et renforcer ses comp\u00e9tences Des id\u00e9es d&rsquo;organisation, d&rsquo;activit\u00e9s et de jeux A l&rsquo;heure du d\u00e9confinement, il se peut que les activit\u00e9 scolaires, culturelles, d&rsquo;animation ou de sport ne soient pas encore accessibles. Or, \u00e0 la suite de cette longue p\u00e9riode de confinement, votre enfant a toujours besoin de&#8230;<\/p>\n","protected":false},"author":2,"featured_media":0,"parent":0,"menu_order":0,"comment_status":"closed","ping_status":"closed","template":"","meta":[],"_links":{"self":[{"href":"https:\/\/www.kalitepouviv.fr\/index.php\/wp-json\/wp\/v2\/pages\/8506"}],"collection":[{"href":"https:\/\/www.kalitepouviv.fr\/index.php\/wp-json\/wp\/v2\/pages"}],"about":[{"href":"https:\/\/www.kalitepouviv.fr\/index.php\/wp-json\/wp\/v2\/types\/page"}],"author":[{"embeddable":true,"href":"https:\/\/www.kalitepouviv.fr\/index.php\/wp-json\/wp\/v2\/users\/2"}],"replies":[{"embeddable":true,"href":"https:\/\/www.kalitepouviv.fr\/index.php\/wp-json\/wp\/v2\/comments?post=8506"}],"version-history":[{"count":47,"href":"https:\/\/www.kalitepouviv.fr\/index.php\/wp-json\/wp\/v2\/pages\/8506\/revisions"}],"predecessor-version":[{"id":8884,"href":"https:\/\/www.kalitepouviv.fr\/index.php\/wp-json\/wp\/v2\/pages\/8506\/revisions\/8884"}],"wp:attachment":[{"href":"https:\/\/www.kalitepouviv.fr\/index.php\/wp-json\/wp\/v2\/media?parent=8506"}],"curies":[{"name":"wp","href":"https:\/\/api.w.org\/{rel}","templated":true}]}}