{"id":9361,"date":"2021-03-29T11:12:17","date_gmt":"2021-03-29T15:12:17","guid":{"rendered":"https:\/\/www.kalitepouviv.fr\/?page_id=9361"},"modified":"2021-03-29T12:32:55","modified_gmt":"2021-03-29T16:32:55","slug":"presentation-du-rias","status":"publish","type":"page","link":"https:\/\/www.kalitepouviv.fr\/index.php\/presentation-du-rias\/","title":{"rendered":"Pr\u00e9sentation du RIAS"},"content":{"rendered":"<section class=\"wpb-content-wrapper\"><p>[vc_row][vc_column][vc_column_text]<\/p>\r\n<h2 style=\"text-align: center;\"><strong>R\u00e9\u00e9ducation Intensifi\u00e9e en Accueil S\u00e9quentiel (R.I.A.S)<\/strong><\/h2>\r\n<h3 style=\"text-align: center;\"><em>Un dispositif du Complexe De services M\u00e9dico-sociaux L\u00e9 Koklaya<\/em><\/h3>\r\n<p>\u00a0<\/p>\r\n\r\n<p style=\"padding-left: 80px;\"><\/p>\r\n<p>Le R.I.A.S. est une offre de soin innovante \u00e0 l\u2019attention de b\u00e9n\u00e9ficiaires d\u00e9ficients moteurs, qui centralise en un m\u00eame lieu les soins, tout en assurant la poursuite de la scolarit\u00e9. Avec une dur\u00e9e et des objectifs \u00e9tablis entre la famille, l\u2019enfant et les diff\u00e9rents partenaires, le b\u00e9n\u00e9ficiaire profite d\u2019une intensification des r\u00e9\u00e9ducations. La scolarit\u00e9 est pr\u00e9serv\u00e9e lors du s\u00e9jour au sein d\u2019une classe o\u00f9 des enseignements adapt\u00e9s sont dispens\u00e9s par un enseignant sp\u00e9cialis\u00e9.<\/p>\r\n<p>Respectant le rythme de vie de l\u2019enfant, ce dispositif est con\u00e7u pour s\u2019adapter \u00e0 ses besoins, en prenant en compte sa r\u00e9alit\u00e9 au domicile et en milieu scolaire pour \u00e9laborer les objectifs vis\u00e9s.<\/p>\r\n<p><strong><span style=\"color: #ff9900;\">LE DISPOSITIF<\/span><\/strong><br \/>Le R.I.A.S. permet de favoriser l\u2019\u00e9panouissement de l\u2019enfant en regroupant le temps d\u2019un s\u00e9jour les r\u00e9\u00e9ducations essentielles et la scolarit\u00e9.<br \/>Il permet de raccourcir les s\u00e9jours hors d\u00e9partement lorsque les consultations et op\u00e9rations ne peuvent se faire ici, mais aussi d\u2019optimiser les b\u00e9n\u00e9fices attendus des injections de toxine botulique et des pl\u00e2tres.<br \/>Il permet \u00e9galement d\u2019am\u00e9liorer ou d\u2019entretenir l\u2019\u00e9tat orthop\u00e9dique ou les capacit\u00e9s fonctionnelles de l\u2019enfant.<br \/>Gr\u00e2ce au R.I.A.S, l\u2019enfant peut \u00eatre accompagn\u00e9 dans l\u2019atteinte d\u2019objectifs clefs.<\/p>\r\n<p>Enfin, ce dispositif permet de soulager ponctuellement l\u2019\u00e9puisement des parents et de l\u2019enfant face aux nombreux rendez-vous m\u00e9dicaux et param\u00e9dicaux et aux distances parcourues pour que l\u2019enfant suive ses r\u00e9\u00e9ducations.<br \/>Ces s\u00e9jours, de par des actions th\u00e9rapeutiques intensifi\u00e9es, optimisent les prises en charge et ainsi les r\u00e9sultats qui en d\u00e9coulent.<\/p>\r\n<p><strong><span style=\"color: #ff9900;\">LE PUBLIC ACCUEILLI AU R.I.A.S<\/span><\/strong><br \/>Les b\u00e9n\u00e9ficiaires de ce dispositif sont principalement des enfants et adolescents pr\u00e9sentant une d\u00e9ficience motrice, accompagn\u00e9s au SESSAD L\u00e9 Koklaya, n\u00e9cessitant une intensification ou une sp\u00e9cification de leurs soins de r\u00e9\u00e9ducation pendant leur scolarit\u00e9.<\/p>\r\n<p>[\/vc_column_text][\/vc_column][\/vc_row][vc_row][vc_column][vc_separator color=\u00a0\u00bbgreen\u00a0\u00bb border_width=\u00a0\u00bb3&Prime; css=\u00a0\u00bb.vc_custom_1617032770027{padding-top: -20px !important;}\u00a0\u00bb][vc_column_text]<\/p>\r\n<h3 style=\"text-align: center;\"><em><span style=\"color: #000000;\">Les atouts du R.I.A.S<\/span><\/em><\/h3>\r\n<p>[\/vc_column_text][\/vc_column][\/vc_row][vc_row css=\u00a0\u00bb.vc_custom_1617032909254{padding-top: -50px !important;}\u00a0\u00bb][vc_column css_animation=\u00a0\u00bbzoomInDown\u00a0\u00bb width=\u00a0\u00bb1\/3&Prime;]<div class=\"rs-services\">\r\n\t<div class=\"service-inner services-style-2 services-center  vc_custom_1617033298741 \" data-icon-hover=\"#8224e3\" data-icon-color=\"#000000\">\r\n\t\t<div class=\"services-wrap\"> \r\n\t\t\t<div class=\"services-item\">\r\n\t\t\t\t<div class=\"services-icon\">\r\n\t\t\t\t\t\t\t\t\t<\/div>\r\n\r\n\t\t\t\t<div class=\"services-desc\" >\t\r\n\t\t\t\t\t<h2 class=\"services-title services-title2\"><a href=\"#\" title=\"\" style=\"color: #000000;font-size: 20px;\" ><\/a><\/h2>\r\n\t\t\t\t\t    <p  style=\"color: #dd9933\" ><\/p>\r\n<p>Le R.I.A.S offre \u00e0 l\u2019enfant l\u2019opportunit\u00e9 de voir ses s\u00e9ances de kin\u00e9sith\u00e9rapie augment\u00e9es, tout en maintenant ou augmentant les prises en charge jug\u00e9es primordiales pour l\u2019atteinte des objectifs (ergoth\u00e9rapie, psychomotricit\u00e9, orthoptie, neuropsychologie \u2026)<\/p>\r\n<p><\/p>\r\n\t\t\t\t<\/div>\t\t\r\n\t\t\t<\/div>\t\r\n\t\t<\/div>\r\n\t<\/div>\r\n<\/div>[\/vc_column][vc_column css_animation=\u00a0\u00bbzoomInDown\u00a0\u00bb width=\u00a0\u00bb1\/3&Prime;]<div class=\"rs-services\">\r\n\t<div class=\"service-inner services-style-2 services-center  vc_custom_1617033335731 \" data-icon-hover=\"#8224e3\" data-icon-color=\"#000000\">\r\n\t\t<div class=\"services-wrap\"> \r\n\t\t\t<div class=\"services-item\">\r\n\t\t\t\t<div class=\"services-icon\">\r\n\t\t\t\t\t\t\t\t\t<\/div>\r\n\r\n\t\t\t\t<div class=\"services-desc\" >\t\r\n\t\t\t\t\t<h2 class=\"services-title services-title2\"><a href=\"#\" title=\"\" style=\"color: #000000;font-size: 20px;\" ><\/a><\/h2>\r\n\t\t\t\t\t    <p  style=\"color: #dd9933\" ><\/p>\r\n<p>La continuit\u00e9 p\u00e9dagogique est mise en place dans le cadre d&rsquo;une collaboration \u00e9troite \u00e9tablie entre l&rsquo;enseignant de la classe de l&rsquo;enfant et l&rsquo;enseignant du RIAS. Il s&rsquo;agit ainsi de permettre aux \u00e9l\u00e8ves de regagner leur classe (\u00e0 l&rsquo;issue du s\u00e9jour) dans les conditions les plus optimales.<\/p>\r\n<p><\/p>\r\n\t\t\t\t<\/div>\t\t\r\n\t\t\t<\/div>\t\r\n\t\t<\/div>\r\n\t<\/div>\r\n<\/div>[\/vc_column][vc_column css_animation=\u00a0\u00bbzoomInDown\u00a0\u00bb width=\u00a0\u00bb1\/3&Prime;]<div class=\"rs-services\">\r\n\t<div class=\"service-inner services-style-2 services-center  vc_custom_1617033462958 \" data-icon-hover=\"#8224e3\" data-icon-color=\"#000000\">\r\n\t\t<div class=\"services-wrap\"> \r\n\t\t\t<div class=\"services-item\">\r\n\t\t\t\t<div class=\"services-icon\">\r\n\t\t\t\t\t\t\t\t\t<\/div>\r\n\r\n\t\t\t\t<div class=\"services-desc\" >\t\r\n\t\t\t\t\t<h2 class=\"services-title services-title2\"><a href=\"#\" title=\"\" style=\"color: #000000;font-size: 20px;\" ><\/a><\/h2>\r\n\t\t\t\t\t    <p  style=\"color: #dd9933\" ><\/p>\r\n<p>Le s\u00e9jour se fait au sein du nouveau b\u00e2timent de la structure, \u00e0 Providence. Les locaux sont dot\u00e9s de divers espaces de prises en charge, mais \u00e9galement d\u2019\u00e9quipements adapt\u00e9s, (bassin de baln\u00e9oth\u00e9rapie, salle multisensorielle\u2026).<\/p>\r\n<p><\/p>\r\n\t\t\t\t<\/div>\t\t\r\n\t\t\t<\/div>\t\r\n\t\t<\/div>\r\n\t<\/div>\r\n<\/div>[\/vc_column][\/vc_row][vc_row][vc_column][vc_empty_space][\/vc_column][\/vc_row]<\/p><\/section>","protected":false},"excerpt":{"rendered":"<p>[vc_row][vc_column][vc_column_text] R\u00e9\u00e9ducation Intensifi\u00e9e en Accueil S\u00e9quentiel (R.I.A.S) Un dispositif du Complexe De services M\u00e9dico-sociaux L\u00e9 Koklaya \u00a0 Le R.I.A.S. est une offre de soin innovante \u00e0 l\u2019attention de b\u00e9n\u00e9ficiaires d\u00e9ficients moteurs, qui centralise en un m\u00eame lieu les soins, tout en assurant la poursuite de la scolarit\u00e9. Avec une dur\u00e9e et des objectifs \u00e9tablis entre&#8230;<\/p>\n","protected":false},"author":2,"featured_media":0,"parent":0,"menu_order":0,"comment_status":"closed","ping_status":"closed","template":"","meta":[],"_links":{"self":[{"href":"https:\/\/www.kalitepouviv.fr\/index.php\/wp-json\/wp\/v2\/pages\/9361"}],"collection":[{"href":"https:\/\/www.kalitepouviv.fr\/index.php\/wp-json\/wp\/v2\/pages"}],"about":[{"href":"https:\/\/www.kalitepouviv.fr\/index.php\/wp-json\/wp\/v2\/types\/page"}],"author":[{"embeddable":true,"href":"https:\/\/www.kalitepouviv.fr\/index.php\/wp-json\/wp\/v2\/users\/2"}],"replies":[{"embeddable":true,"href":"https:\/\/www.kalitepouviv.fr\/index.php\/wp-json\/wp\/v2\/comments?post=9361"}],"version-history":[{"count":79,"href":"https:\/\/www.kalitepouviv.fr\/index.php\/wp-json\/wp\/v2\/pages\/9361\/revisions"}],"predecessor-version":[{"id":9443,"href":"https:\/\/www.kalitepouviv.fr\/index.php\/wp-json\/wp\/v2\/pages\/9361\/revisions\/9443"}],"wp:attachment":[{"href":"https:\/\/www.kalitepouviv.fr\/index.php\/wp-json\/wp\/v2\/media?parent=9361"}],"curies":[{"name":"wp","href":"https:\/\/api.w.org\/{rel}","templated":true}]}}