{"id":9468,"date":"2021-05-10T08:31:44","date_gmt":"2021-05-10T12:31:44","guid":{"rendered":"https:\/\/www.kalitepouviv.fr\/?page_id=9468"},"modified":"2025-12-22T13:33:09","modified_gmt":"2025-12-22T17:33:09","slug":"postes-a-pourvoir","status":"publish","type":"page","link":"https:\/\/www.kalitepouviv.fr\/index.php\/postes-a-pourvoir\/","title":{"rendered":"Postes \u00e0 pourvoir"},"content":{"rendered":"<section class=\"wpb-content-wrapper\"><p>[vc_row][vc_column][vc_column_text]<\/p>\r\n<h2><strong>Postes \u00e0 pourvoir<\/strong><\/h2>\r\n<p>Vous pouvez r\u00e9pondre \u00e0 nos offres d&#8217;emploi via nos annonces ci-dessous, ou envoyer vos candidatures spontan\u00e9es \u00e0 <a href=\"mailto:lekoklaya@kalitepouviv.fr\">lekoklaya@kalitepouviv.fr<\/a><\/p>\r\n<div class=\"vc_row wpb_row vc_row-fluid\">\r\n<div class=\"wpb_column vc_column_container vc_col-sm-6\">\r\n<div class=\"vc_column-inner\">\r\n<div class=\"wpb_wrapper\">\r\n<div class=\"wpb_text_column wpb_content_element \">\r\n<div class=\"wpb_wrapper\">\u00a0<\/div>\r\n<\/div>\r\n<\/div>\r\n<\/div>\r\n<\/div>\r\n<\/div>\r\n\r\n<p style=\"padding-left: 80px;\"><\/p>\r\n<p>[\/vc_column_text][vc_separator border_width=\u00a0\u00bb3&Prime;][\/vc_column][\/vc_row][vc_row][vc_column width=\u00a0\u00bb1\/4&Prime;][vc_btn title=\u00a0\u00bbD\u00e9couvrer l&rsquo;annonce\u00a0\u00bb color=\u00a0\u00bbsuccess\u00a0\u00bb align=\u00a0\u00bbcenter\u00a0\u00bb css_animation=\u00a0\u00bbbounceInDown\u00a0\u00bb link=\u00a0\u00bburl:https%3A%2F%2Fwww.kalitepouviv.fr%2Fwp-content%2Fuploads%2F2025%2F07%2FMEDECIN-CAMSP.pdf\u00a0\u00bb][vc_column_text css_animation=\u00a0\u00bbfadeIn\u00a0\u00bb]<\/p>\r\n<h4 style=\"text-align: center;\"><a href=\"https:\/\/www.kalitepouviv.fr\/wp-content\/uploads\/2025\/07\/MEDECIN-CAMSP.pdf\"><span style=\"color: #000000;\">M\u00e9decin CAMSP L\u00e9 Koklaya<\/span><\/a><\/h4>\r\n<p>&nbsp;<\/p>\r\n<p>[\/vc_column_text][\/vc_column][vc_column width=\u00a0\u00bb1\/4&Prime;][vc_btn title=\u00a0\u00bbD\u00e9couvrer l&rsquo;annonce\u00a0\u00bb color=\u00a0\u00bbsuccess\u00a0\u00bb align=\u00a0\u00bbcenter\u00a0\u00bb css_animation=\u00a0\u00bbbounceInDown\u00a0\u00bb link=\u00a0\u00bburl:https%3A%2F%2Fwww.kalitepouviv.fr%2Fwp-content%2Fuploads%2F2025%2F07%2FMEDECIN-SESSAD.pdf\u00a0\u00bb][vc_column_text css_animation=\u00a0\u00bbfadeIn\u00a0\u00bb]<\/p>\r\n<h4 style=\"text-align: center;\"><a href=\"https:\/\/www.kalitepouviv.fr\/wp-content\/uploads\/2025\/07\/MEDECIN-SESSAD.pdf\"><span style=\"color: #000000;\">M\u00e9decin coordinateur SESSAD L\u00e9 Koklaya<\/span><\/a><\/h4>\r\n<p>&nbsp;<\/p>\r\n<p>[\/vc_column_text][\/vc_column][\/vc_row][vc_row][vc_column width=\u00a0\u00bb1\/4&Prime;][vc_btn title=\u00a0\u00bbD\u00e9couvrer l&rsquo;annonce\u00a0\u00bb color=\u00a0\u00bbsuccess\u00a0\u00bb align=\u00a0\u00bbcenter\u00a0\u00bb css_animation=\u00a0\u00bbbounceInDown\u00a0\u00bb link=\u00a0\u00bburl:https%3A%2F%2Fwww.kalitepouviv.fr%2Fwp-content%2Fuploads%2F2025%2F07%2FPSYCHOLOGUE-CAMSP.pdf\u00a0\u00bb][vc_column_text css_animation=\u00a0\u00bbfadeIn\u00a0\u00bb]<\/p>\r\n<h4 style=\"text-align: center;\"><a href=\"https:\/\/www.kalitepouviv.fr\/wp-content\/uploads\/2025\/07\/PSYCHOLOGUE-CAMSP.pdf\"><span style=\"color: #000000;\">Psychologue en CAMSP (H\/J)<\/span><\/a><\/h4>\r\n<p>&nbsp;<\/p>\r\n<p>[\/vc_column_text][\/vc_column][vc_column width=\u00a0\u00bb1\/4&Prime;][vc_btn title=\u00a0\u00bbD\u00e9couvrer l&rsquo;annonce\u00a0\u00bb color=\u00a0\u00bbsuccess\u00a0\u00bb align=\u00a0\u00bbcenter\u00a0\u00bb css_animation=\u00a0\u00bbbounceInDown\u00a0\u00bb link=\u00a0\u00bburl:https%3A%2F%2Fwww.kalitepouviv.fr%2Fwp-content%2Fuploads%2F2025%2F07%2FPSYCHOLOGUE-EMAS.pdf\u00a0\u00bb][vc_column_text css_animation=\u00a0\u00bbfadeIn\u00a0\u00bb]<\/p>\r\n<h4 style=\"text-align: center;\"><a href=\"https:\/\/www.kalitepouviv.fr\/wp-content\/uploads\/2025\/07\/PSYCHOLOGUE-EMAS.pdf\"><span style=\"color: #000000;\">Psychologue en EMASco (H\/F)<\/span><\/a><\/h4>\r\n<p>&nbsp;<\/p>\r\n<p>[\/vc_column_text][\/vc_column][vc_column width=\u00a0\u00bb1\/4&Prime;][vc_btn title=\u00a0\u00bbD\u00e9couvrer l&rsquo;annonce\u00a0\u00bb color=\u00a0\u00bbsuccess\u00a0\u00bb align=\u00a0\u00bbcenter\u00a0\u00bb css_animation=\u00a0\u00bbbounceInDown\u00a0\u00bb link=\u00a0\u00bburl:https%3A%2F%2Fwww.kalitepouviv.fr%2Fwp-content%2Fuploads%2F2025%2F07%2FPSYCHOLOGUE-UEMA.pdf\u00a0\u00bb][vc_column_text css_animation=\u00a0\u00bbfadeIn\u00a0\u00bb]<\/p>\r\n<h4 style=\"text-align: center;\"><a href=\"https:\/\/www.kalitepouviv.fr\/wp-content\/uploads\/2025\/07\/PSYCHOLOGUE-UEMA.pdf\"><span style=\"color: #000000;\">Psychologue en UEMA (H\/F)<\/span><\/a><\/h4>\r\n<p>&nbsp;<\/p>\r\n<p>[\/vc_column_text][\/vc_column][\/vc_row]<\/p><\/section>","protected":false},"excerpt":{"rendered":"<p>[vc_row][vc_column]&#8230;<\/p>\n","protected":false},"author":2,"featured_media":0,"parent":0,"menu_order":0,"comment_status":"closed","ping_status":"closed","template":"","meta":[],"_links":{"self":[{"href":"https:\/\/www.kalitepouviv.fr\/index.php\/wp-json\/wp\/v2\/pages\/9468"}],"collection":[{"href":"https:\/\/www.kalitepouviv.fr\/index.php\/wp-json\/wp\/v2\/pages"}],"about":[{"href":"https:\/\/www.kalitepouviv.fr\/index.php\/wp-json\/wp\/v2\/types\/page"}],"author":[{"embeddable":true,"href":"https:\/\/www.kalitepouviv.fr\/index.php\/wp-json\/wp\/v2\/users\/2"}],"replies":[{"embeddable":true,"href":"https:\/\/www.kalitepouviv.fr\/index.php\/wp-json\/wp\/v2\/comments?post=9468"}],"version-history":[{"count":142,"href":"https:\/\/www.kalitepouviv.fr\/index.php\/wp-json\/wp\/v2\/pages\/9468\/revisions"}],"predecessor-version":[{"id":10654,"href":"https:\/\/www.kalitepouviv.fr\/index.php\/wp-json\/wp\/v2\/pages\/9468\/revisions\/10654"}],"wp:attachment":[{"href":"https:\/\/www.kalitepouviv.fr\/index.php\/wp-json\/wp\/v2\/media?parent=9468"}],"curies":[{"name":"wp","href":"https:\/\/api.w.org\/{rel}","templated":true}]}}