{"id":9535,"date":"2021-06-14T11:18:43","date_gmt":"2021-06-14T15:18:43","guid":{"rendered":"https:\/\/www.kalitepouviv.fr\/?page_id=9535"},"modified":"2024-06-18T07:56:13","modified_gmt":"2024-06-18T11:56:13","slug":"postuler-stage-emploi","status":"publish","type":"page","link":"https:\/\/www.kalitepouviv.fr\/index.php\/postuler-stage-emploi\/","title":{"rendered":"Postuler : stage &#038; emploi"},"content":{"rendered":"<section class=\"wpb-content-wrapper\"><p>[vc_row][vc_column css=\u00a0\u00bb.vc_custom_1623679557578{margin-top: -30px !important;border-top-width: -100px !important;border-bottom-width: 30px !important;padding-bottom: 50px !important;}\u00a0\u00bb][vc_column_text css=\u00a0\u00bb.vc_custom_1700573997141{border-top-width: -100px !important;}\u00a0\u00bb]<\/p>\n<h2>Modalit\u00e9s pour postuler au Complexe L\u00e9 Koklaya<\/h2>\n<p>[\/vc_column_text][\/vc_column][\/vc_row][vc_row][vc_column width=\u00a0\u00bb1\/2&Prime;][vc_column_text]<\/p>\n<h4><em><span style=\"color: #008000;\">Recherche de Stage<\/span><\/em><\/h4>\n<hr \/>\n<p>[\/vc_column_text][vc_column_text]<\/p>\n<h4 style=\"text-align: center;\">Je suis coll\u00e9gien(ne) en 3e ou lyc\u00e9en(ne) en 2nde<\/h4>\n<p>[\/vc_column_text][vc_hoverbox image=\u00a0\u00bb9529&Prime; primary_title=\u00a0\u00bb\u00a0\u00bb primary_title_font_container=\u00a0\u00bbfont_size:40|color:%23dd3333&Prime; primary_title_css_animation=\u00a0\u00bbslideInDown\u00a0\u00bb hover_title=\u00a0\u00bb\u00a0\u00bb hover_background_color=\u00a0\u00bbvista-blue\u00a0\u00bb el_width=\u00a0\u00bb70&Prime; css_animation=\u00a0\u00bbnone\u00a0\u00bb use_custom_fonts_primary_title=\u00a0\u00bbtrue\u00a0\u00bb]Si une exp\u00e9rience en service m\u00e9dico-social, aupr\u00e8s d&rsquo;un professionnel sp\u00e9cifique vous int\u00e9resse, nous vous invitons \u00e0 envoyer votre demande, 2<strong>\u00a0mois avant le d\u00e9but de votre stage<\/strong>, accompagn\u00e9 d&rsquo;un courrier motiv\u00e9 \u00e0 l&rsquo;adresse suivante : lekoklaya@kalitepouviv.fr<\/p>\n<p>Les courriers doivent \u00eatre adress\u00e9s \u00e0 la Directrice des Ressources Humaines, Madame Rosine MONDUC.[\/vc_hoverbox][vc_empty_space][vc_column_text]<\/p>\n<h4 style=\"text-align: center;\">Je suis \u00e9tudiant(e).<\/h4>\n<p>[\/vc_column_text][vc_hoverbox image=\u00a0\u00bb9576&Prime; primary_title=\u00a0\u00bb\u00a0\u00bb primary_title_font_container=\u00a0\u00bbfont_size:40|color:%23dd3333&Prime; primary_title_css_animation=\u00a0\u00bbslideInDown\u00a0\u00bb hover_title=\u00a0\u00bb\u00a0\u00bb hover_background_color=\u00a0\u00bbvista-blue\u00a0\u00bb el_width=\u00a0\u00bb70&Prime; css_animation=\u00a0\u00bbnone\u00a0\u00bb use_custom_fonts_primary_title=\u00a0\u00bbtrue\u00a0\u00bb]Pour r\u00e9aliser un stage entre 8 \u00e0 12 semaines, vous \u00eates invit\u00e9s \u00e0 faire parvenir votre demande <strong>4 mois avant<\/strong> la date envisag\u00e9e du d\u00e9but de stage. Elle devra \u00eatre compos\u00e9e d&rsquo;un <strong>courrier et<\/strong>\u00a0d&rsquo;un <strong>curriculum vitae.<\/strong><br \/>\nLa demande peut \u00eatre transmise \u00e0 l&rsquo;adresse suivante : lekoklaya@kalitepouviv.fr<br \/>\nToutes les candidatures doivent \u00eatre adress\u00e9es \u00e0 la Directrice des Ressources Humaines, Madame Rosine MONDUC.[\/vc_hoverbox][\/vc_column][vc_column width=\u00a0\u00bb1\/2&Prime;][vc_column_text]<\/p>\n<h4><em><span style=\"color: #008000;\">Postuler \u00e0 un emploi<\/span><\/em><\/h4>\n<hr \/>\n<p>[\/vc_column_text][vc_column_text]<\/p>\n<h4 style=\"text-align: center;\">Je souhaite postuler \u00e0 un poste.<\/h4>\n<p>[\/vc_column_text][vc_hoverbox image=\u00a0\u00bb7415&Prime; primary_title=\u00a0\u00bb\u00a0\u00bb primary_title_font_container=\u00a0\u00bbfont_size:40|color:%23dd3333&Prime; primary_title_css_animation=\u00a0\u00bbslideInDown\u00a0\u00bb hover_title=\u00a0\u00bb\u00a0\u00bb hover_background_color=\u00a0\u00bbvista-blue\u00a0\u00bb el_width=\u00a0\u00bb70&Prime; css_animation=\u00a0\u00bbnone\u00a0\u00bb use_custom_fonts_primary_title=\u00a0\u00bbtrue\u00a0\u00bb]Toute candidature spontan\u00e9e doit \u00eatre accompagn\u00e9e d&rsquo;un courrier ou d&rsquo;une lettre de motivation et d&rsquo;un curriculum vitae. Elle peut \u00eatre transmise \u00e0 l&rsquo;adresse suivante : lekoklaya@kalitepouviv.fr<\/p>\n<p>Toutes les candidatures doivent \u00eatre adress\u00e9es \u00e0 la Directrice des Ressources Humaines, Madame Rosine MONDUC.<\/p>\n<p>[\/vc_hoverbox][\/vc_column][\/vc_row]<\/p>\n<\/section>","protected":false},"excerpt":{"rendered":"<p>[vc_row][vc_column css=\u00a0\u00bb.vc_custom_1623679557578{margin-top: -30px !important;border-top-width: -100px !important;border-bottom-width: 30px !important;padding-bottom: 50px !important;}\u00a0\u00bb][vc_column_text css=\u00a0\u00bb.vc_custom_1700573997141{border-top-width: -100px !important;}\u00a0\u00bb] Modalit\u00e9s pour postuler au Complexe L\u00e9 Koklaya [\/vc_column_text][\/vc_column][\/vc_row][vc_row][vc_column width=\u00a0\u00bb1\/2&Prime;][vc_column_text] Recherche de Stage [\/vc_column_text][vc_column_text] Je suis coll\u00e9gien(ne) en 3e ou lyc\u00e9en(ne) en 2nde [\/vc_column_text][vc_hoverbox image=\u00a0\u00bb9529&Prime; primary_title=\u00a0\u00bb\u00a0\u00bb primary_title_font_container=\u00a0\u00bbfont_size:40|color:%23dd3333&Prime; primary_title_css_animation=\u00a0\u00bbslideInDown\u00a0\u00bb hover_title=\u00a0\u00bb\u00a0\u00bb hover_background_color=\u00a0\u00bbvista-blue\u00a0\u00bb el_width=\u00a0\u00bb70&Prime; css_animation=\u00a0\u00bbnone\u00a0\u00bb use_custom_fonts_primary_title=\u00a0\u00bbtrue\u00a0\u00bb]Si une exp\u00e9rience en service m\u00e9dico-social, aupr\u00e8s d&rsquo;un professionnel sp\u00e9cifique vous&#8230;<\/p>\n","protected":false},"author":2,"featured_media":0,"parent":0,"menu_order":0,"comment_status":"closed","ping_status":"closed","template":"","meta":[],"_links":{"self":[{"href":"https:\/\/www.kalitepouviv.fr\/index.php\/wp-json\/wp\/v2\/pages\/9535"}],"collection":[{"href":"https:\/\/www.kalitepouviv.fr\/index.php\/wp-json\/wp\/v2\/pages"}],"about":[{"href":"https:\/\/www.kalitepouviv.fr\/index.php\/wp-json\/wp\/v2\/types\/page"}],"author":[{"embeddable":true,"href":"https:\/\/www.kalitepouviv.fr\/index.php\/wp-json\/wp\/v2\/users\/2"}],"replies":[{"embeddable":true,"href":"https:\/\/www.kalitepouviv.fr\/index.php\/wp-json\/wp\/v2\/comments?post=9535"}],"version-history":[{"count":62,"href":"https:\/\/www.kalitepouviv.fr\/index.php\/wp-json\/wp\/v2\/pages\/9535\/revisions"}],"predecessor-version":[{"id":10202,"href":"https:\/\/www.kalitepouviv.fr\/index.php\/wp-json\/wp\/v2\/pages\/9535\/revisions\/10202"}],"wp:attachment":[{"href":"https:\/\/www.kalitepouviv.fr\/index.php\/wp-json\/wp\/v2\/media?parent=9535"}],"curies":[{"name":"wp","href":"https:\/\/api.w.org\/{rel}","templated":true}]}}